{"id":28221,"date":"2023-12-28T11:07:04","date_gmt":"2023-12-28T10:07:04","guid":{"rendered":"https:\/\/investinopole.pl\/?page_id=28221"},"modified":"2023-12-28T11:07:04","modified_gmt":"2023-12-28T10:07:04","slug":"polityka-cookies","status":"publish","type":"page","link":"https:\/\/investinopole.pl\/en\/polityka-cookies\/","title":{"rendered":"Polityka Cookies"},"content":{"rendered":"<p>Poni\u017csza Polityka Cookies okre\u015bla zasady zapisywania i uzyskiwania dost\u0119pu do danych na Urz\u0105dzeniach U\u017cytkownik\u00f3w korzystaj\u0105cych z Serwisu do cel\u00f3w \u015bwiadczenia us\u0142ug drog\u0105 elektroniczn\u0105 przez Administratora Serwisu.<\/p>\n<h2>\u00a7 1 Definicje<\/h2>\n<ul>\n<li><strong>Serwis<\/strong> &#8211; serwis internetowy &#8220;Invest in Opole&#8221; dzia\u0142aj\u0105cy pod adresem<a href=\"https:\/\/investinopole.pl\/\"> https:\/\/investinopole.pl\/<\/a><\/li>\n<li><strong>Serwis zewn\u0119trzny<\/strong>\u00a0&#8211; serwis internetowe partner\u00f3w, us\u0142ugodawc\u00f3w lub us\u0142ugobiorc\u00f3w Administratora<\/li>\n<li><strong>Administrator Serwisu<\/strong>\u00a0&#8211; Administratorem Serwisu jest &#8220;Urz\u0105d Miasta Opola&#8221;, z siedzib\u0105 pod adresem: ul. Rynek 1A, 45-015 Opole, o nadanym numerze identyfikacji podatkowej (NIP): 7540024002, \u015bwiadcz\u0105cy us\u0142ugi drog\u0105 elektroniczn\u0105 za po\u015brednictwem Serwisu\u00a0oraz przechowuj\u0105cy i uzyskuj\u0105cy dost\u0119p do informacji w urz\u0105dzeniach U\u017cytkownika<\/li>\n<li><strong>U\u017cytkownik<\/strong>\u00a0&#8211; osba fizyczna, dla kt\u00f3rej Administrator \u015bwiadczy us\u0142ugi drog\u0105 elektroniczna za po\u015brednictwem Serwisu.<\/li>\n<li><strong>Urz\u0105dzenie<\/strong>\u00a0&#8211; elektroniczne urz\u0105dzenie wraz z oprogramowaniem, za po\u015brednictwem, kt\u00f3rego U\u017cytkownik uzyskuje dost\u0119p do Serwisu<\/li>\n<li><strong>Cookies (ciasteczka)<\/strong>\u00a0&#8211; dane tekstowe gromadzone w formie plik\u00f3w zamieszczanych na Urz\u0105dzeniu U\u017cytkownika<\/li>\n<\/ul>\n<h2>\u00a7 2 Rodzaje Plik\u00f3w Cookies<\/h2>\n<ul>\n<li><strong>Cookies wewn\u0119trzne<\/strong>\u00a0&#8211; pliki zamieszczane i odczytywane z Urz\u0105dzenia U\u017cytkownika przes system teleinformatyczny Serwisu<\/li>\n<li><strong>Cookies zewn\u0119trzne<\/strong>\u00a0&#8211; pliki zamieszczane i odczytywane z Urz\u0105dzenia U\u017cytkownika przez systemy teleinformatyczne Serwis\u00f3w zewn\u0119trznych<\/li>\n<li><strong>Cookies sesyjne<\/strong>\u00a0&#8211; pliki zamieszczane i odczytywane z Urz\u0105dzenia U\u017cytkownika przez Serwis\u00a0<span id=\"sz1\">lub Serwisy zewn\u0119trzne<\/span>\u00a0podczas jednej sesji danego Urz\u0105dzenia. Po zako\u0144czeniu sesji pliki s\u0105 usuwane z Urz\u0105dzenia U\u017cytkownika.<\/li>\n<li><strong>Cookies trwa\u0142e<\/strong>\u00a0&#8211; pliki zamieszczane i odczytywane z Urz\u0105dzenia U\u017cytkownika przez Serwis\u00a0<span id=\"sz2\">lub Serwisy zewn\u0119trzne<\/span>\u00a0do momentu ich r\u0119cznego usuni\u0119cia. Pliki nie s\u0105 usuwane automatycznie po zako\u0144czeniu sesji Urz\u0105dzenia chyba \u017ce konfiguracja Urz\u0105dzenia U\u017cytkownika jest ustawiona na tryb usuwanie plik\u00f3w Cookie po zako\u0144czeniu sesji Urz\u0105dzenia.<\/li>\n<\/ul>\n<h2>\u00a7 3 Bezpiecze\u0144stwo przechowywania danych<\/h2>\n<ul>\n<li><strong>Mechanizmy sk\u0142adowania i odczytu<\/strong>\u00a0&#8211; Mechanizmy sk\u0142adowania, odczytu i wymiany pomi\u0119dzy Plikami Cookies zapisywanymi na Urz\u0105dzeniu U\u017cytkownika a Serwisem s\u0105 realizowane poprzez wbudowane mechanizmy przegl\u0105darek internetowych i nie pozwalaj\u0105 na pobieranie innych danych z Urz\u0105dzenia U\u017cytkownika lub danych innych witryn internetowych, kt\u00f3re odwiedza\u0142 U\u017cytkownik, w tym danych osobowych ani informacji poufnych. Przeniesienie na Urz\u0105dzenie U\u017cytkownika wirus\u00f3w, koni troja\u0144skich oraz innych robak\u00f3w jest praktynie niemo\u017cliwe.<\/li>\n<li><strong>Cookie wewn\u0119trzne<\/strong>\u00a0&#8211; zastosowane przez Administratora pliki Cookie s\u0105 bezpieczne dla Urz\u0105dze\u0144 U\u017cytkownik\u00f3w i nie zawieraj\u0105 skrypt\u00f3w, tre\u015bci lub informacji mog\u0105cych zagra\u017ca\u0107 bezpiecze\u0144stwu danych osobowych lub bezpiecze\u0144stwu Urz\u0105dzenia z kt\u00f3rego korzysta U\u017cytkownik.<\/li>\n<li><strong>Cookie zewn\u0119trzne<\/strong>\u00a0&#8211; Administrator dokonuje wszelkich mo\u017cliwych dzia\u0142a\u0144 w celu weryfikacji i doboru partner\u00f3w serwisu w kontek\u015bcie bezpiecze\u0144stwa U\u017cytkownik\u00f3w. Administrator do wsp\u00f3\u0142pracy dobiera znanych, du\u017cych partner\u00f3w o globalnym zaufaniu spo\u0142ecznym. Nie posiada on jednak pe\u0142nej kontroli nad zawarto\u015bci\u0105 plik\u00f3w Cookie pochodz\u0105cych od zewn\u0119trznych partner\u00f3w. Za bezpiecze\u0144stwo plik\u00f3w Cookie, ich zawarto\u015b\u0107 oraz zgodne z licencj\u0105 wykorzystanie przez zainstalowane w serwisie Skrypty, pochodz\u0105cych z Serwis\u00f3w zewn\u0119trznych, Administrator nie ponosi odpowiedzialno\u015bci na tyle na ile pozwala na to prawo. Lista partner\u00f3w zamieszczona jest w dalszej cz\u0119\u015bci Polityki Prywatno\u015bci.<\/li>\n<li><strong>Kontrola plik\u00f3w Cookie<\/strong>\n<ul>\n<li>U\u017cytkownik mo\u017ce w dowolnym momencie, samodzielnie zmieni\u0107 ustawienia dotycz\u0105ce zapisywania, usuwania oraz dost\u0119pu do danych zapisanych plik\u00f3w Cookies przez ka\u017cd\u0105 witryn\u0119 internetow\u0105<\/li>\n<li>Informacje o sposobie wy\u0142\u0105czenia plik\u00f3w Cookie w najpopularniejszych przegl\u0105darkach komputerowych dost\u0119pne s\u0105 na stronie u dostawc\u00f3w:\n<ul>\n<li><a href=\"https:\/\/support.google.com\/accounts\/answer\/61416?co=GENIE.Platform%3DDesktop&#038;hl=pl\">Zarz\u0105dzanie plikami cookies w przegl\u0105darce Chrome<\/a><\/li>\n<li><a href=\"https:\/\/help.opera.com\/pl\/latest\/web-preferences\/\">Zarz\u0105dzanie plikami cookies w przegl\u0105darce Opera<\/a><\/li>\n<li><a href=\"https:\/\/support.mozilla.org\/pl\/kb\/blokowanie-ciasteczek\">Zarz\u0105dzanie plikami cookies w przegl\u0105darce FireFox<\/a><\/li>\n<li><a href=\"https:\/\/support.microsoft.com\/pl-pl\/microsoft-edge\/usuwanie-plik%C3%B3w-cookie-w-przegl%C4%85darce-microsoft-edge-63947406-40ac-c3b8-57b9-2a946a29ae09\">Zarz\u0105dzanie plikami cookies w przegl\u0105darce Edge<\/a><\/li>\n<li><a href=\"https:\/\/support.apple.com\/pl-pl\/guide\/safari\/sfri11471\/mac\">Zarz\u0105dzanie plikami cookies w przegl\u0105darce Safari<\/a><\/li>\n<li><a href=\"https:\/\/support.microsoft.com\/pl-pl\/windows\/usuwanie-plik%C3%B3w-cookie-i-zarz%C4%85dzanie-nimi-168dab11-0753-043d-7c16-ede5947fc64d#ie=ie-11\">Zarz\u0105dzanie plikami cookies w przegl\u0105darce Internet Explorer 11<\/a><\/li>\n<\/ul>\n<\/li>\n<li>U\u017cytkownik mo\u017ce w dowolnym momencie usun\u0105\u0107 wszelkie zapisane do tej pory pliki Cookie korzystaj\u0105c z narz\u0119dzi Urz\u0105dzenia U\u017cytkownika, za po\u015brednictwem kt\u00f3rego U\u017cytkownik korzysta z us\u0142ug Serwisu.<\/li>\n<\/ul>\n<\/li>\n<li><strong>Zagro\u017cenia po stronie U\u017cytkownika<\/strong>\u00a0&#8211; Administrator stosuje wszelkie mo\u017cliwe \u015brodki techniczne w celu zapewnienia bezpiecze\u0144stwa danych umieszczanych w plikach Cookie. Nale\u017cy jednak zwr\u00f3ci\u0107 uwag\u0119, \u017ce zapewnienie bezpiecze\u0144stwa tych danych zale\u017cy od obu stron w tym dzia\u0142alno\u015bci U\u017cytkownika. Administrator nie bierze odpowiedzialno\u015bci za przechwycenie tych danych, podszycie si\u0119 pod sesj\u0119 U\u017cytkownika lub ich usuni\u0119cie, na skutek \u015bwiadomej lub nie\u015bwiadomej dzia\u0142alno\u015b\u0107 U\u017cytkownika, wirus\u00f3w, koni troja\u0144skich i innego oprogramowania szpieguj\u0105cego, kt\u00f3rymi mo\u017ce jest lub by\u0142o zainfekowane Urz\u0105dzenie U\u017cytkownika.<\/li>\n<li><strong>Przechowywanie hase\u0142<\/strong>\u00a0&#8211; Administrator o\u015bwiadcza, \u017ce has\u0142a przechowywane s\u0105 w zaszyfrowanej postaci, u\u017cywaj\u0105c najnowszych standard\u00f3w i wytycznych w tym zakresie. Deszyfracja podawanych w Serwisie hase\u0142 dost\u0119pu do konta jest praktycznie niemo\u017cliwa.<\/li>\n<\/ul>\n<h2>\u00a7 4 Cele do kt\u00f3rych wykorzystywane s\u0105 pliki Cookie<\/h2>\n<ul id=\"cele\">\n<li><strong><span class=\"colored\">Usprawnienie i u\u0142atwienie dost\u0119pu do Serwisu<\/span><\/strong>\u00a0&#8211; Administrator mo\u017ce przechowywa\u0107 w plikach Cookie informacje o prefernecjach i ustawieniach u\u017cytkownika dotycz\u0105cych Serwisu aby usprawni\u0107, polepszy\u0107 i przy\u015bpieszy\u0107 \u015bwiadczenie us\u0142ug w ramach Serwisu.<\/li>\n<li><strong><span class=\"colored\">Logowanie<\/span><\/strong>\u00a0&#8211; Administrator wykorzystuje pliki Cookie do cel\u00f3w logowania U\u017cytkownik\u00f3w w Serwisie<\/li>\n<li><strong><span class=\"colored\">Dane statystyczne<\/span><\/strong>\u00a0&#8211; Administrator\u00a0<span id=\"sz4\">oraz Serwisy zewn\u0119trzne<\/span>\u00a0wykorzystuje pliki Cookie do zbirania i przetwarzania danych statystycznych takich jak np. statystyki odwiedzin, statystyki Urz\u0105dze\u0144 U\u017cytkownik\u00f3w czy statystyki zachowa\u0144 u\u017cytkownik\u00f3w. Dane te zbierane s\u0105 w celu analizy i ulepszania Serwisu.<\/li>\n<\/ul>\n<h2>\u00a7 5 Serwisy zewn\u0119trzne<\/h2>\n<p id=\"zewinfo\"><span class=\"colored\">Administrator wsp\u00f3\u0142pracuje z nast\u0119puj\u0105cymi serwisami zewn\u0119trznymi, kt\u00f3re mog\u0105 zamieszcza\u0107 pliki Cookie na Urz\u0105dzeniach U\u017cytkownika:<\/span><\/p>\n<ul id=\"zewnetrzne\">\n<li><strong><span class=\"colored\">Google Fonts<\/span><\/strong><\/li>\n<\/ul>\n<p>Dost\u0119p do danych statycznych mog\u0105 posiada\u0107 podmioty, odpowiedzialne za utrzymania infrastruktury i us\u0142ug niezb\u0119dnych do prowadzenia serwisu tj.:<\/p>\n<ul>\n<li>Firmy hostingowe, \u015bwiadcz\u0105ce us\u0142ugi hostingu lub us\u0142ug pokrewnych dla Administratora &#8211;\u00a0<strong>zenbox sp. z o.o.<\/strong><\/li>\n<li>Firmy serwisowe i wsparcia IT dokonuj\u0105ce konserwacji lub odpowiedzialne za utrzymanie infrastruktury IT &#8211; <strong>PAGEART<\/strong><\/li>\n<\/ul>\n<h2>\u00a7 6 Wy\u0142\u0105czenie odpowiedzialno\u015bci<\/h2>\n<ul>\n<li>Administrator stosuje wszelkie mo\u017cliwe \u015brodki w celu zapewnienia bezpiecze\u0144stwa danych umieszczanych w plikach Cookie. Nale\u017cy jednak zwr\u00f3ci\u0107 uwag\u0119, \u017ce zapewnienie bezpiecze\u0144stwa tych danych zale\u017cy od obu stron, w tym dzia\u0142alno\u015bci U\u017cytkownika oraz satnu zabezpiecze\u0144 urz\u0105dzenia z kt\u00f3rego korzysta.<\/li>\n<li>Administrator nie bierze odpowiedzialno\u015bci za przechwycenie danych zawartych w plikach Cookie, podszycie si\u0119 pod sesj\u0119 U\u017cytkownika lub ich usuni\u0119cie, na skutek \u015bwiadomej lub nie\u015bwiadomej dzia\u0142alno\u015b\u0107 U\u017cytkownika, wirus\u00f3w, koni troja\u0144skich i innego oprogramowania szpieguj\u0105cego, kt\u00f3rymi mo\u017ce by\u0107 zainfekowane Urz\u0105dzenie U\u017cytkownika.<\/li>\n<li>U\u017cytkownicy w celu zabezpieczenia si\u0119 przed wskazanymi w punkcie poprzednim zagro\u017ceniami powinni stosowa\u0107 si\u0119 do\u00a0<span id=\"cyber_random\">zasad cyberbezpiecze\u0144stwa<\/span>.<\/li>\n<li>Us\u0142ugi \u015bwiadczone przez podmioty trzecie s\u0105 poza kontrol\u0105 Administratora. Podmioty te mog\u0105 w ka\u017cdej chwili zmieni\u0107 swoje warunki \u015bwiadczenia us\u0142ug, cel oraz wykorzystanie plik\u00f3w cookie. Administrator nie odpowiada na tyle na ile pozwala na to prawo za dzia\u0142anie plik\u00f3w cookies u\u017cywanych przez serwisy partnerskie. U\u017cytkownicy w ka\u017cdej chwili mog\u0105 samodzielnie zarz\u0105dza\u0107 zezwoleniami i ustawieniami plik\u00f3w cookie dla ka\u017cedej dowolnej witryny.<\/li>\n<\/ul>\n<h2>\u00a7 7 Wymagania Serwisu<\/h2>\n<ul>\n<li>Ograniczenie zapisu i dost\u0119pu do plik\u00f3w Cookie na Urz\u0105dzeniu U\u017cytkownika mo\u017ce spowodowa\u0107 nieprawid\u0142owe dzia\u0142anie niekt\u00f3rych funkcji Serwisu.<\/li>\n<li>Administrator nie ponosi \u017cadnej odpowiedzialno\u015bci za nieprawid\u0142owo dzia\u0142aj\u0105ce funkcje Serwisu w przypadku gdy U\u017cytkownik ograniczy w jakikolwiek spos\u00f3b mo\u017cliwo\u015b\u0107 zapisywania i odczytu plik\u00f3w Cookie.<\/li>\n<\/ul>\n<h2>\u00a7 8 Zmiany w Polityce Cookie<\/h2>\n<ul>\n<li>Administrator zastrzega sobie prawo do dowolnej zmiany niniejszej Polityki Cookie bez konieczno\u015bci informowania o tym u\u017cytkownik\u00f3w.<\/li>\n<li>Wprowadzone zmiany w Polityce Cookie zawsze b\u0119d\u0105 publikowane na tej stronie.<\/li>\n<li>Wprowadzone zmiany wchodz\u0105 w \u017cycie w dniu publikacji Polityki Cookie.<\/li>\n<\/ul>\n","protected":false},"excerpt":{"rendered":"<p>Poni\u017csza Polityka Cookies okre\u015bla zasady zapisywania i uzyskiwania dost\u0119pu do danych na Urz\u0105dzeniach U\u017cytkownik\u00f3w korzystaj\u0105cych z Serwisu do cel\u00f3w \u015bwiadczenia us\u0142ug drog\u0105 elektroniczn\u0105 przez Administratora [&hellip;]<\/p>\n","protected":false},"author":8,"featured_media":0,"parent":0,"menu_order":0,"comment_status":"closed","ping_status":"closed","template":"","meta":{"_acf_changed":false,"footnotes":""},"class_list":["post-28221","page","type-page","status-publish","hentry"],"acf":[],"_links":{"self":[{"href":"https:\/\/investinopole.pl\/en\/wp-json\/wp\/v2\/pages\/28221","targetHints":{"allow":["GET"]}}],"collection":[{"href":"https:\/\/investinopole.pl\/en\/wp-json\/wp\/v2\/pages"}],"about":[{"href":"https:\/\/investinopole.pl\/en\/wp-json\/wp\/v2\/types\/page"}],"author":[{"embeddable":true,"href":"https:\/\/investinopole.pl\/en\/wp-json\/wp\/v2\/users\/8"}],"replies":[{"embeddable":true,"href":"https:\/\/investinopole.pl\/en\/wp-json\/wp\/v2\/comments?post=28221"}],"version-history":[{"count":1,"href":"https:\/\/investinopole.pl\/en\/wp-json\/wp\/v2\/pages\/28221\/revisions"}],"predecessor-version":[{"id":28222,"href":"https:\/\/investinopole.pl\/en\/wp-json\/wp\/v2\/pages\/28221\/revisions\/28222"}],"wp:attachment":[{"href":"https:\/\/investinopole.pl\/en\/wp-json\/wp\/v2\/media?parent=28221"}],"curies":[{"name":"wp","href":"https:\/\/api.w.org\/{rel}","templated":true}]}}