{"id":28218,"date":"2023-12-28T10:51:59","date_gmt":"2023-12-28T09:51:59","guid":{"rendered":"https:\/\/investinopole.pl\/?page_id=28218"},"modified":"2025-01-23T13:34:55","modified_gmt":"2025-01-23T12:34:55","slug":"deklaracja-dostepnosci","status":"publish","type":"page","link":"https:\/\/investinopole.pl\/en\/deklaracja-dostepnosci\/","title":{"rendered":"Deklaracja dost\u0119pno\u015bci"},"content":{"rendered":"<p><!-- ----- O\u015bwiadczenie wst\u0119pne -----><\/p>\n<h1>Deklaracja dost\u0119pno\u015bci<\/h1>\n<section id=\"a11y-wstep\"><span id=\"a11y-podmiot\">Urz\u0105d Miasta Opola<\/span> zobowi\u0105zuje si\u0119 zapewni\u0107 dost\u0119pno\u015b\u0107 swojej <span id=\"a11y-zakres\">strony internetowej<\/span> zgodnie z ustaw\u0105 z dnia 4 kwietnia 2019 r. o dost\u0119pno\u015bci cyfrowej stron internetowych i aplikacji mobilnych podmiot\u00f3w publicznych.Deklaracja dost\u0119pno\u015bci dotyczy strony <a id=\"a11y-url\" href=\"https:\/\/investinopole.pl\/\"> https:\/\/investinopole.pl\/<\/a>.<\/section>\n<p><!-- ----- Data publikacji i aktualizacji strony -----><\/p>\n<ul>\n<li>Data publikacji strony internetowej:<time id=\"a11y-data-publikacja\" datetime=\"2018-11-02\"> 2 listopada 2018roku<\/time><\/li>\n<li>Data ostatniej istotnej aktualizacji:<time id=\"a11y-data-aktualizacja\" datetime=\"2018-11-022020-06-23\"> 2 listopada 2018 roku<\/time><\/li>\n<\/ul>\n<p><!-- ----- Stan dost\u0119pno\u015bci cyfrowej i opis problem\u00f3w -----><\/p>\n<h3>Stan dost\u0119pno\u015bci cyfrowej<\/h3>\n<p id=\"a11y-status\">Ta strona internetowa jest <strong>cz\u0119\u015bciowo zgodna<\/strong> z za\u0142\u0105cznikiem do ustawy o dost\u0119pno\u015bci cyfrowej z dnia 4 kwietnia 2019 r. o dost\u0119pno\u015bci cyfrowej stron internetowych i aplikacji mobilnych podmiot\u00f3w publicznych z powodu niezgodno\u015bci wymienionych poni\u017cej.<\/p>\n<h3>Niedost\u0119pne tre\u015bci<\/h3>\n<h4>Niezgodno\u015b\u0107 z za\u0142\u0105cznikiem<\/h4>\n<ul>\n<li>Ramka nie posiada atrybutu title.<\/li>\n<li>Nieprawid\u0142owa hierarchia nag\u0142\u00f3wk\u00f3w.<\/li>\n<li>Niekt\u00f3re elementy nie maj\u0105 odpowiedniego kontrastu.<\/li>\n<li>Mog\u0105 wyst\u0105pi\u0107 puste linki.<\/li>\n<\/ul>\n<p><!-- ----- Data i podstawa przygotowania deklaracji -----><\/p>\n<h3>Przygotowanie deklaracji dost\u0119pno\u015bci i jej aktualizacja<\/h3>\n<ul>\n<li>Data sporz\u0105dzenia deklaracji: <time id=\"a11y-data-sporzadzenie\" datetime=\"2025-01-23\">23 stycznia 2025 roku<\/time><\/li>\n<li>Data ostatniego przegl\u0105du deklaracji: <time id=\"a11y-data-przeglad\" datetime=\"2025-01-23\">23 stycznia 2025 roku.<\/time><\/li>\n<\/ul>\n<p>Deklaracj\u0119 sporz\u0105dzili\u015bmy na podstawie samooceny.<\/p>\n<p><!-- ----- Informacje zwrotne i dane kontaktowe -----><\/p>\n<h3>Informacje zwrotne i dane kontaktowe<\/h3>\n<p>Wszystkie problemy z dost\u0119pno\u015bci\u0105 cyfrow\u0105 tej strony internetowej mo\u017cesz zg\u0142osi\u0107 do <span id=\"a11y-kontakt\">Adam Olbert<\/span> \u2014 mejlowo <a id=\"a11y-email\" href=\"mailto:adam.olbert@um.opole.pl\">adam.olbert@um.opole.pl<\/a> lub telefonicznie <a id=\"a11y-telefon\" href=\"tel:+48775411379\">775411379<\/a>.<\/p>\n<p>Ka\u017cdy ma prawo wyst\u0105pi\u0107 z \u017c\u0105daniem zapewnienia dost\u0119pno\u015bci cyfrowej tej strony internetowej lub jej element\u00f3w.<\/p>\n<p>Zg\u0142aszaj\u0105c takie \u017c\u0105danie podaj:<\/p>\n<ul>\n<li>swoje imi\u0119 i nazwisko,<\/li>\n<li>swoje dane kontaktowe (np. numer telefonu, e-mail),<\/li>\n<li>dok\u0142adny adres strony internetowej, na kt\u00f3rej jest niedost\u0119pny cyfrowo element lub tre\u015b\u0107,<\/li>\n<li>opis na czym polega problem i jaki spos\u00f3b jego rozwi\u0105zania by\u0142by dla Ciebie najwygodniejszy.<\/li>\n<\/ul>\n<p>Na Twoje zg\u0142oszenie odpowiemy najszybciej jak to mo\u017cliwe, nie p\u00f3\u017aniej ni\u017c w ci\u0105gu 7 dni od jego otrzymania.<\/p>\n<p>Je\u017celi ten termin b\u0119dzie dla nas zbyt kr\u00f3tki poinformujemy Ci\u0119 o tym. W tej informacji podamy nowy termin, do kt\u00f3rego poprawimy zg\u0142oszone przez Ciebie b\u0142\u0119dy lub przygotujemy informacje w alternatywny spos\u00f3b. Ten nowy termin nie b\u0119dzie d\u0142u\u017cszy ni\u017c 2 miesi\u0105ce.<\/p>\n<p>Je\u017celi nie b\u0119dziemy w stanie zapewni\u0107 dost\u0119pno\u015bci cyfrowej strony internetowej lub tre\u015bci, wskazanej w Twoim \u017c\u0105daniu, zaproponujemy Ci dost\u0119p do nich w alternatywny spos\u00f3b.<\/p>\n<p><!-- ----- Obs\u0142uga wniosk\u00f3w i skarg -----><\/p>\n<section id=\"a11y-procedura\">\n<h4>Obs\u0142uga wniosk\u00f3w i skarg zwi\u0105zanych z dost\u0119pno\u015bci\u0105<\/h4>\n<p>Je\u017celi w odpowiedzi na Tw\u00f3j wniosek o zapewnienie dost\u0119pno\u015bci cyfrowej, odm\u00f3wimy zapewnienia \u017c\u0105danej przez Ciebie dost\u0119pno\u015bci cyfrowej, a Ty nie zgadzasz si\u0119 z t\u0105 odmow\u0105, masz prawo z\u0142o\u017cy\u0107 skarg\u0119.<\/p>\n<p>Skarg\u0119 masz prawo z\u0142o\u017cy\u0107 tak\u017ce, je\u015bli nie zgadzasz si\u0119 na skorzystanie z alternatywnego sposobu dost\u0119pu, kt\u00f3ry zaproponowali\u015bmy Ci w odpowiedzi na Tw\u00f3j wniosek o zapewnienie dost\u0119pno\u015bci cyfrowej.<\/p>\n<p>Ewentualn\u0105 skarg\u0119 z\u0142\u00f3\u017c listownie lub mailem do kierownictwa naszego urz\u0119du:<\/p>\n<ul>\n<li>Prezydent Miasta Opola,<\/li>\n<li>Adres: ul. Rynek 1A, 45-015 Opole,<\/li>\n<li>mejl: <a href=\"mailto:urzad@um.opole.pl\">urzad@um.opole.pl<\/a>.<\/li>\n<\/ul>\n<p><a href=\"https:\/\/peup.um.opole.pl\/#!\/karta_uslugi\/18311\/wniosek-o-zapewnienie-dostepnosci-architektonicznej-informac\"> Pomocne mog\u0105 by\u0107 informacje na platformie e-us\u0142ug publicznych urz\u0119du<\/a>.<\/p>\n<p>Mo\u017cesz tak\u017ce poinformowa\u0107 o tej sytuacji <a href=\"https:\/\/bip.brpo.gov.pl\/\"> Rzecznika Praw Obywatelskich<\/a> i poprosi\u0107 o interwencj\u0119 w Twojej sprawie.<\/p>\n<\/section>\n<p><!-- ----- Dost\u0119pno\u015b\u0107 architektoniczna -----><\/p>\n<section id=\"a11y-architektura\">\n<h3>Dost\u0119pno\u015b\u0107 architektoniczna<\/h3>\n<p>Informacje o dost\u0119pno\u015bci budynk\u00f3w znajduj\u0105 si\u0119 na stronie www.opole.pl. <a id=\"a11y-architektura-url\" title=\"Szczeg\u00f3\u0142owy opis dost\u0119pno\u015bci architektonicznej\" href=\"https:\/\/www.opole.pl\/dla-mieszkanca\/dostepnosc-w-budynkach-urzedu-miasta-opola\">Szczeg\u00f3\u0142owy opis dostosowania budynk\u00f3w Urz\u0119du Miasta Opola<\/a>.<\/p>\n<\/section>\n<p><!-- ----- Dost\u0119pno\u015b\u0107 informacyjno-komunikacyjna -----><\/p>\n<section id=\"a11y-komunikacja\">\n<h3>Dost\u0119pno\u015b\u0107 komunikacyjno-informacyjna<\/h3>\n<p>W recepcji i w ka\u017cdym innym miejscu mo\u017cna skorzysta\u0107 z t\u0142umacza polskiego j\u0119zyka migowego (PJM) online. Us\u0142uga jest dost\u0119pna w godzinach pracy urz\u0119du. Us\u0142uga jest bezp\u0142atna dla os\u00f3b nies\u0142ysz\u0105cych i G\u0142uchych. <a href=\"https:\/\/www.opole.pl\/dla-mieszkanca\/tlumacz-jezyka-migowego-w-urzedzie-miasta-opola\">Szczeg\u00f3\u0142owe informacje dla os\u00f3b nies\u0142ysz\u0105cych<\/a>.<\/p>\n<p>P\u0119tle indukcyjne s\u0105 dost\u0119pne w niekt\u00f3rych budynkach urz\u0119du. <a href=\"https:\/\/www.opole.pl\/dla-mieszkanca\/petle-indukcyjne-w-urzedzie-miasta-opola\">Lista miejsc z p\u0119tl\u0105 indukcyjn\u0105<\/a>.<\/p>\n<\/section>\n","protected":false},"excerpt":{"rendered":"<p>Deklaracja dost\u0119pno\u015bci Urz\u0105d Miasta Opola zobowi\u0105zuje si\u0119 zapewni\u0107 dost\u0119pno\u015b\u0107 swojej strony internetowej zgodnie z ustaw\u0105 z dnia 4 kwietnia 2019 r. o dost\u0119pno\u015bci cyfrowej stron [&hellip;]<\/p>\n","protected":false},"author":8,"featured_media":0,"parent":0,"menu_order":0,"comment_status":"closed","ping_status":"closed","template":"","meta":{"_acf_changed":false,"footnotes":""},"class_list":["post-28218","page","type-page","status-publish","hentry"],"acf":[],"_links":{"self":[{"href":"https:\/\/investinopole.pl\/en\/wp-json\/wp\/v2\/pages\/28218","targetHints":{"allow":["GET"]}}],"collection":[{"href":"https:\/\/investinopole.pl\/en\/wp-json\/wp\/v2\/pages"}],"about":[{"href":"https:\/\/investinopole.pl\/en\/wp-json\/wp\/v2\/types\/page"}],"author":[{"embeddable":true,"href":"https:\/\/investinopole.pl\/en\/wp-json\/wp\/v2\/users\/8"}],"replies":[{"embeddable":true,"href":"https:\/\/investinopole.pl\/en\/wp-json\/wp\/v2\/comments?post=28218"}],"version-history":[{"count":5,"href":"https:\/\/investinopole.pl\/en\/wp-json\/wp\/v2\/pages\/28218\/revisions"}],"predecessor-version":[{"id":28433,"href":"https:\/\/investinopole.pl\/en\/wp-json\/wp\/v2\/pages\/28218\/revisions\/28433"}],"wp:attachment":[{"href":"https:\/\/investinopole.pl\/en\/wp-json\/wp\/v2\/media?parent=28218"}],"curies":[{"name":"wp","href":"https:\/\/api.w.org\/{rel}","templated":true}]}}