{"id":855,"date":"2017-10-09T05:33:54","date_gmt":"2017-10-09T05:33:54","guid":{"rendered":"http:\/\/insignia-themes.website\/invictus\/?page_id=855"},"modified":"2025-12-22T13:14:19","modified_gmt":"2025-12-22T12:14:19","slug":"o-opolu","status":"publish","type":"page","link":"https:\/\/investinopole.pl\/de\/o-opolu\/","title":{"rendered":"O opolu"},"content":{"rendered":"<div class=\"wpb-content-wrapper\"><p>[vc_row full_width=&#8221;stretch_row&#8221;][vc_column][vc_empty_space height=&#8221;50px&#8221;]<div id=\"ins-heading-69e74060551c3\" class=\"inv-section-heading-wrapper text-left position-relative  \"><div class=\"inv-section-heading-title padding-15px-bottom\"><h2 style=\"color: #343434\"  class=\"ins-section-heading-title-inner no-margin  default\">Opole (Oppeln)<\/h2><\/div><div style=\"background-color: #0076be\" class=\"inv-section-heading-separator\"><!--separator--><\/div><\/div>[vc_empty_space height=&#8221;40px&#8221;][vc_column_text]Opole [<em>Oppeln<\/em>] ist\u00a0<strong>eine Woiwodschaftstadt mit 128 Tsd. Einwohnern,<\/strong>\u00a0\u00a0gelegen im S\u00fcden Polens in der N\u00e4he von der Tschechischen Republik (54 km zur Grenze) und Deutschland (240 km zur Grenze). Im Rahmen\u00a0<strong>einer Agglomeration von 320 Tsd. Einwohnern<\/strong>\u00a0arbeitet Opole eng mit den zu ihr geh\u00f6renden Gemeinden zusammen. Die Kooperation ist auf wirtschaftliche Entwicklung und Schaffung neuer Arbeitspl\u00e4tze ausgerichtet.<\/p>\n<p>Opole besitzt g\u00fcnstige und\u00a0<strong>schnelle Bahnverbindungen<\/strong>, deren Dichte zweimal gr\u00f6\u00dfer ist als der nationale Durchschnitt. Auch der Flusstransport bildet eine wichtige Kommunikationsachse der Stadt. An der Oder, in den administrativen Grenzen der Gemeinde befinden sich\u00a0<strong>zwei Flussh\u00e4fen<\/strong>, ausgestattet mit einem Becken, einem Anschlussgleis sowie einem Laufkran zur Bef\u00f6rderung von schweren, mehrere Hunderte Tonnen wiegenden Frachten.\u00a0Den Zugang zur Stadt bietet ein Stra\u00dfenverkehrsnetz hoher Qualit\u00e4t, dessen wichtigsten Teil der internationale Verkehrskorridor Dresden-Kiew \u2013\u00a0<strong>die Autobahn A4<\/strong><strong>\u2013<\/strong>\u00a0bildet. Dank der Autobahn\u00a0<strong>dauert die Fahrt zu den n\u00e4chstgelegenen internationalen Flugh\u00e4fen in Breslau [<em>Wroc\u0142aw<\/em>] (ca. \u00a0100 km) und in Katowice (ca. 110 km) weniger als eine Stunde<\/strong>. Zus\u00e4tzlich, in der Entfernung von nur 24 km vom Stadtzentrum, befindet sich\u00a0<strong>der Flughafen Kamie\u0144 \u015al\u0105ski [<em>Gro\u00dfstein<\/em>]<\/strong>, der Lufttaxis und Verbindungen au\u00dferhalb des regelm\u00e4\u00dfigen Luftverkehrs empfangen kann.<\/p>\n<p>In der Stadt funktioniert ein effektives\u00a0<strong>\u00f6ffentliches Verkehrssystem<\/strong>, das an die Bed\u00fcrfnisse von Investoren sowohl im Bereich der Platzierung von Haltestellen als auch der H\u00e4ufigkeit des Busverkehrs angepasst werden. Auch\u00a0<strong>das System \u00f6ffentlicher Fahrr\u00e4der<\/strong>\u00a0gewinnt an Bedeutung, und 35% des Stra\u00dfennetzes in Opole sind verkehrsberuhigte Bereiche und Radwege (124 km).[\/vc_column_text][vc_empty_space height=&#8221;50px&#8221;][\/vc_column][\/vc_row][vc_row full_width=&#8221;stretch_row_content_no_spaces&#8221; video_bg=&#8221;yes&#8221; video_bg_url=&#8221;httpss:\/\/www.youtube.com\/watch?v=qcEdtctP4Yg&#8221;][vc_column][vc_empty_space height=&#8221;400px&#8221;][\/vc_column][\/vc_row][vc_row full_width=&#8221;stretch_row&#8221;][vc_column][vc_empty_space height=&#8221;50px&#8221;]<div id=\"ins-heading-69e74060551e9\" class=\"inv-section-heading-wrapper text-left position-relative  \"><div class=\"inv-section-heading-title padding-15px-bottom\"><h2 style=\"color: #343434\"  class=\"ins-section-heading-title-inner no-margin  default\">Vorteile der Stadt<\/h2><\/div><div style=\"background-color: #0076be\" class=\"inv-section-heading-separator\"><!--separator--><\/div><\/div>[vc_empty_space height=&#8221;40px&#8221;]<div id='ins-list-icon-69e7406055247' class='ins-simple-icon-list margin-35px-bottom ins-icon-list-simple list-icon-small select  '><ul class='ins-simple-icon-list-inner list-style-none no-padding'><li class='ins-list-style margin-10px-bottom position-relative'><i class='ins-icon-list-icon margin-10px-right display-inline-block position-absolute left-0 fa fa-bookmark'><\/i> strategische Lage \u2013 die Autobahn A4 \u2013 14 km vom Stadtzentrum entfernt <\/li><li class='ins-list-style margin-10px-bottom position-relative'><i class='ins-icon-list-icon margin-10px-right display-inline-block position-absolute left-0 fa fa-bookmark'><\/i> Unternehmertum-eine der gr\u00f6\u00dften Raten des Unternehmertums unter polnischen St\u00e4dten\u2013 165<\/li><li class='ins-list-style margin-10px-bottom position-relative'><i class='ins-icon-list-icon margin-10px-right display-inline-block position-absolute left-0 fa fa-bookmark'><\/i> 9 Unternehmen pro 1 Tsd. Einwohner<\/li><li class='ins-list-style margin-10px-bottom position-relative'><i class='ins-icon-list-icon margin-10px-right display-inline-block position-absolute left-0 fa fa-bookmark'><\/i> gut entwickelte und aktive Lebensmittel-<\/li><li class='ins-list-style margin-10px-bottom position-relative'><i class='ins-icon-list-icon margin-10px-right display-inline-block position-absolute left-0 fa fa-bookmark'><\/i>  Elektromaschinen-<\/li><li class='ins-list-style margin-10px-bottom position-relative'><i class='ins-icon-list-icon margin-10px-right display-inline-block position-absolute left-0 fa fa-bookmark'><\/i>  Baumaterialien- und Automotiveindustrien sowie der Sektor moderner Dienstleistungen f\u00fcr Business<\/li><li class='ins-list-style margin-10px-bottom position-relative'><i class='ins-icon-list-icon margin-10px-right display-inline-block position-absolute left-0 fa fa-bookmark'><\/i> professionelles Personal \u2013 6 Hochschulen<\/li><li class='ins-list-style margin-10px-bottom position-relative'><i class='ins-icon-list-icon margin-10px-right display-inline-block position-absolute left-0 fa fa-bookmark'><\/i>  Forschungs- und Entwicklungseinrichtungen<\/li><li class='ins-list-style margin-10px-bottom position-relative'><i class='ins-icon-list-icon margin-10px-right display-inline-block position-absolute left-0 fa fa-bookmark'><\/i> die Stadt junger Menschen \u2013 26.000 Studenten<\/li><li class='ins-list-style margin-10px-bottom position-relative'><i class='ins-icon-list-icon margin-10px-right display-inline-block position-absolute left-0 fa fa-bookmark'><\/i>  9.000 Absolventen j\u00e4hrlich<\/li><li class='ins-list-style margin-10px-bottom position-relative'><i class='ins-icon-list-icon margin-10px-right display-inline-block position-absolute left-0 fa fa-bookmark'><\/i> attraktive Lokalisierung f\u00fcr moderne Dienstleistungszentren f\u00fcr das Business<\/li><li class='ins-list-style margin-10px-bottom position-relative'><i class='ins-icon-list-icon margin-10px-right display-inline-block position-absolute left-0 fa fa-bookmark'><\/i>  dank unter anderem guten Deutschkenntnissen <\/li><li class='ins-list-style margin-10px-bottom position-relative'><i class='ins-icon-list-icon margin-10px-right display-inline-block position-absolute left-0 fa fa-bookmark'><\/i> reiches Investitionsangebot \u2013 u.a. die Subzone der Sonderwirtschaftszone Wa\u0142brzych `{`Waldenburg`}` INVEST PARK<\/li><li class='ins-list-style margin-10px-bottom position-relative'><i class='ins-icon-list-icon margin-10px-right display-inline-block position-absolute left-0 fa fa-bookmark'><\/i> Hauptstadt Polnischer Lieder \u2013 seit 1963 wird in Opole das Nationalfestival der Polnischen Lieder `{`Krajowy Festiwal Piosenki Polskiej`}` veranstaltet<\/li><\/ul><\/div><script type=\"text\/javascript\">\n\t\t(function(jQuery) {jQuery(\"head\").append(\"<style>#ins-list-icon-69e7406055247 .ins-list-style .ins-icon-list-icon{color: #0076be;}<\/style>\")\n\t\t\t\t\t})(jQuery);\n\t\t\t\t\t\t<\/script>[vc_empty_space height=&#8221;50px&#8221;][\/vc_column][\/vc_row]<\/p>\n<\/div>","protected":false},"excerpt":{"rendered":"<p>[vc_row full_width=&#8221;stretch_row&#8221;][vc_column][vc_empty_space height=&#8221;50px&#8221;][vc_empty_space height=&#8221;40px&#8221;][vc_column_text]Opole [Oppeln] ist\u00a0eine Woiwodschaftstadt mit 128 Tsd. Einwohnern,\u00a0\u00a0gelegen im S\u00fcden Polens in der N\u00e4he von der Tschechischen Republik (54 km zur Grenze) [&hellip;]<\/p>\n","protected":false},"author":1,"featured_media":0,"parent":0,"menu_order":0,"comment_status":"closed","ping_status":"closed","template":"","meta":{"_acf_changed":false,"footnotes":""},"class_list":["post-855","page","type-page","status-publish","hentry"],"acf":[],"_links":{"self":[{"href":"https:\/\/investinopole.pl\/de\/wp-json\/wp\/v2\/pages\/855","targetHints":{"allow":["GET"]}}],"collection":[{"href":"https:\/\/investinopole.pl\/de\/wp-json\/wp\/v2\/pages"}],"about":[{"href":"https:\/\/investinopole.pl\/de\/wp-json\/wp\/v2\/types\/page"}],"author":[{"embeddable":true,"href":"https:\/\/investinopole.pl\/de\/wp-json\/wp\/v2\/users\/1"}],"replies":[{"embeddable":true,"href":"https:\/\/investinopole.pl\/de\/wp-json\/wp\/v2\/comments?post=855"}],"version-history":[{"count":22,"href":"https:\/\/investinopole.pl\/de\/wp-json\/wp\/v2\/pages\/855\/revisions"}],"predecessor-version":[{"id":28515,"href":"https:\/\/investinopole.pl\/de\/wp-json\/wp\/v2\/pages\/855\/revisions\/28515"}],"wp:attachment":[{"href":"https:\/\/investinopole.pl\/de\/wp-json\/wp\/v2\/media?parent=855"}],"curies":[{"name":"wp","href":"https:\/\/api.w.org\/{rel}","templated":true}]}}