{"id":803,"date":"2017-10-07T12:21:57","date_gmt":"2017-10-07T12:21:57","guid":{"rendered":"http:\/\/insignia-themes.website\/invictus\/?page_id=803"},"modified":"2025-12-16T14:58:02","modified_gmt":"2025-12-16T13:58:02","slug":"ludzie","status":"publish","type":"page","link":"https:\/\/investinopole.pl\/de\/ludzie\/","title":{"rendered":"Ludzie"},"content":{"rendered":"<div class=\"wpb-content-wrapper\"><p>[vc_row full_width=&#8221;stretch_row&#8221;][vc_column][vc_empty_space height=&#8221;120px&#8221;]<div id=\"ins-heading-69e73ce10c4e5\" class=\"inv-section-heading-wrapper text-center position-relative  \"><div class=\"inv-section-heading-title padding-15px-bottom\"><h2 style=\"color: #343434\"  class=\"ins-section-heading-title-inner no-margin  default\">Populacja<\/h2><\/div><div style=\"background-color: #0076be\" class=\"inv-section-heading-separator\"><!--separator--><\/div><\/div>[vc_empty_space height=&#8221;40px&#8221;][vc_row_inner][vc_column_inner width=&#8221;5\/12&#8243;][vc_icon icon_fontawesome=&#8221;fa fa-users&#8221; color=&#8221;black&#8221; size=&#8221;lg&#8221;]<div id=\"counter-69e73ce10c539\" class=\"ins-counter-element text-left    \" data-perc=\"340.000\"><div class=\"ins-counter-content\"><div class=\"ins-counter ins-counter-number title-font margin-10px-bottom default\">340.000<\/div><div class=\"ins-counter-title title-font margin-20px-bottom text-transform-none default no-letter-spacing\">Populacja aglomeracji<\/div><\/div><\/div><script type=\"text\/javascript\">\n\t\t(function(jQuery) {jQuery(\"head\").append(\"<style>#counter-69e73ce10c539 .ins-counter-number{font-size: 40px; line-height: 45px;}#counter-69e73ce10c539 .ins-counter-title{font-size: 30px; line-height: 35px;}#counter-69e73ce10c539 .ins-counter-icon{font-size: 34px; line-height: 39px;}#counter-69e73ce10c539 .ins-counter-title{color: #343434;}<\/style>\")\n\t\t\t\t\t})(jQuery);\n\t\t\t\t\t\t<\/script><div id=\"counter-69e73ce10c5af\" class=\"ins-counter-element text-left    \" data-perc=\"138.000\"><div class=\"ins-counter-content\"><div class=\"ins-counter ins-counter-number title-font margin-10px-bottom default\">138.000<\/div><div class=\"ins-counter-title title-font margin-20px-bottom text-transform-none default no-letter-spacing\">Populacja Opola<\/div><\/div><\/div><script type=\"text\/javascript\">\n\t\t(function(jQuery) {jQuery(\"head\").append(\"<style>#counter-69e73ce10c5af .ins-counter-number{font-size: 40px; line-height: 45px;}#counter-69e73ce10c5af .ins-counter-title{font-size: 30px; line-height: 35px;}#counter-69e73ce10c5af .ins-counter-icon{font-size: 34px; line-height: 39px;}#counter-69e73ce10c5af .ins-counter-title{color: #343434;}<\/style>\")\n\t\t\t\t\t})(jQuery);\n\t\t\t\t\t\t<\/script>[\/vc_column_inner][vc_column_inner width=&#8221;7\/12&#8243;][vc_round_chart stroke_width=&#8221;2&#8243; values=&#8221;%5B%7B%22title%22%3A%22Wiek%20przedprodukcyjny%20(18%20000)%22%2C%22value%22%3A%2215%22%2C%22color%22%3A%22vista-blue%22%7D%2C%7B%22title%22%3A%22Wiek%20poprodukcyjny%20%20(27%20000)%22%2C%22value%22%3A%2223%22%2C%22color%22%3A%22orange%22%7D%2C%7B%22title%22%3A%22Wiek%20produkcyjny%20(74%20000)%22%2C%22value%22%3A%2262%22%2C%22color%22%3A%22blue%22%2C%22custom_color%22%3A%22%23555555%22%7D%5D&#8221;][\/vc_column_inner][\/vc_row_inner][vc_empty_space height=&#8221;40px&#8221;][\/vc_column][\/vc_row][vc_row full_width=&#8221;stretch_row&#8221; css=&#8221;.vc_custom_1539795341910{background-color: #f7f7f7 !important;}&#8221;][vc_column][vc_empty_space height=&#8221;60px&#8221;]<div id=\"ins-heading-69e73ce10c5f6\" class=\"inv-section-heading-wrapper text-center position-relative  \"><div class=\"inv-section-heading-title padding-15px-bottom\"><h2 style=\"color: #343434\"  class=\"ins-section-heading-title-inner no-margin  default\">Poszukuj\u0105cy pracy<\/h2><\/div><div style=\"background-color: #0076be\" class=\"inv-section-heading-separator\"><!--separator--><\/div><\/div>[vc_empty_space height=&#8221;60px&#8221;][vc_row_inner][vc_column_inner width=&#8221;1\/3&#8243;][vc_pie value=&#8221;4&#8243; label_value=&#8221;2 500 |&#8221; color=&#8221;blue&#8221; units=&#8221;4%&#8221; title=&#8221;Opole&#8221;][\/vc_column_inner][vc_column_inner width=&#8221;1\/3&#8243;][vc_pie value=&#8221;6.3&#8243; label_value=&#8221;2 200 |&#8221; color=&#8221;blue&#8221; units=&#8221;6,3%&#8221; title=&#8221;Powiat Opolski&#8221;][\/vc_column_inner][vc_column_inner width=&#8221;1\/3&#8243;][vc_pie value=&#8221;5.9&#8243; label_value=&#8221;21 400 |&#8221; color=&#8221;blue&#8221; units=&#8221;5,9%&#8221; title=&#8221;Wojew\u00f3dztwo Opolskie&#8221;][\/vc_column_inner][\/vc_row_inner][vc_empty_space height=&#8221;40px&#8221;][vc_message]\u0179r\u00f3d\u0142o: <a href=\"https:\/\/wupopole.praca.gov.pl\/rynek-pracy\/statystyki-i-analizy\/\">Wojew\u00f3dzki Urz\u0105d Pracy\u00a0<\/a>[\/vc_message][\/vc_column][\/vc_row][vc_row full_width=&#8221;stretch_row&#8221; css=&#8221;.vc_custom_1539794870235{background-color: #f7f7f7 !important;}&#8221;][vc_column][vc_empty_space height=&#8221;60px&#8221;]<div id=\"ins-heading-69e73ce10c61c\" class=\"inv-section-heading-wrapper text-center position-relative  \"><div class=\"inv-section-heading-title padding-15px-bottom\"><h2 style=\"color: #343434\"  class=\"ins-section-heading-title-inner no-margin  default\">Edukacja<\/h2><\/div><div style=\"background-color: #0076be\" class=\"inv-section-heading-separator\"><!--separator--><\/div><\/div>[vc_empty_space height=&#8221;60px&#8221;][vc_row_inner][vc_column_inner width=&#8221;5\/6&#8243;][vc_column_text]<\/p>\n<p style=\"text-align: left;\">W Opolu funkcjonuje 6 uczelni wy\u017cszych, na kt\u00f3rych w roku akademickim 2014\/2015 wykszta\u0142cenie zdobywa\u0142o ponad 25 tysi\u0119cy student\u00f3w. W roku akademickim (2013\/2014) mury uczelni opu\u015bci\u0142o prawie 9 tysi\u0119cy absolwent\u00f3w. Niemal wszyscy studenci z Opola badani w ramach BKL (Bilans Kapita\u0142u Ludzkiego) deklaruj\u0105, \u017ce znaj\u0105 j\u0119zyk angielski (91%), a ponad po\u0142owa student\u00f3w deklaruje pos\u0142ugiwanie si\u0119 j\u0119zykiem niemieckim (55%) (BKL 2013, N=904). Studenci mog\u0105 kszta\u0142ci\u0107 si\u0119 w obszarach przydatnych dla sektora us\u0142ug biznesowych. Uczelnie oferuj\u0105 studia na kierunkach ekonomiczno-administracyjnych, informatycznych, in\u017cynieryjno-technicznych oraz filologicznych.<\/p>\n<p>[\/vc_column_text][\/vc_column_inner][vc_column_inner width=&#8221;1\/6&#8243;][vc_single_image image=&#8221;12814&#8243;][\/vc_column_inner][\/vc_row_inner][vc_row_inner][vc_column_inner width=&#8221;1\/2&#8243;]<div id=\"counter-69e73ce10c640\" class=\"ins-counter-element select    \" data-perc=\"25015\"><div class=\"ins-counter-content\"><div class=\"ins-counter ins-counter-number title-font margin-10px-bottom default\">25015<\/div><div class=\"ins-counter-title title-font margin-20px-bottom  default no-letter-spacing\">Liczba student\u00f3w w Opolu w roku akademickim 2013\/2014<\/div><\/div><\/div><script type=\"text\/javascript\">\n\t\t(function(jQuery) {jQuery(\"head\").append(\"<style>#counter-69e73ce10c640 .ins-counter-number{font-size: 40px; line-height: 45px;}#counter-69e73ce10c640 .ins-counter-title{font-size: 20px; line-height: 25px;}#counter-69e73ce10c640 .ins-counter-icon{font-size: 34px; line-height: 39px;}<\/style>\")\n\t\t\t\t\t})(jQuery);\n\t\t\t\t\t\t<\/script>[\/vc_column_inner][vc_column_inner width=&#8221;1\/2&#8243;]<div id=\"counter-69e73ce10c687\" class=\"ins-counter-element select    \" data-perc=\"8829\"><div class=\"ins-counter-content\"><div class=\"ins-counter ins-counter-number title-font margin-10px-bottom default\">8829<\/div><div class=\"ins-counter-title title-font margin-20px-bottom  default no-letter-spacing\">Liczba absolwent\u00f3w w Opolu w roku akademickim 2013\/2014<\/div><\/div><\/div><script type=\"text\/javascript\">\n\t\t(function(jQuery) {jQuery(\"head\").append(\"<style>#counter-69e73ce10c687 .ins-counter-number{font-size: 40px; line-height: 45px;}#counter-69e73ce10c687 .ins-counter-title{font-size: 20px; line-height: 25px;}#counter-69e73ce10c687 .ins-counter-icon{font-size: 34px; line-height: 39px;}<\/style>\")\n\t\t\t\t\t})(jQuery);\n\t\t\t\t\t\t<\/script>[\/vc_column_inner][\/vc_row_inner][vc_empty_space height=&#8221;60px&#8221;][vc_row_inner][vc_column_inner width=&#8221;1\/2&#8243;][vc_pie value=&#8221;91&#8243; label_value=&#8221;91&#8243; color=&#8221;orange&#8221; units=&#8221;%&#8221; title=&#8221;Odsetek student\u00f3w z Opola deklaruj\u0105cych znajomo\u015b\u0107 j\u0119zyka angielskiego (BLK 2013)&#8221;][\/vc_column_inner][vc_column_inner width=&#8221;1\/2&#8243;][vc_pie value=&#8221;55&#8243; label_value=&#8221;55&#8243; color=&#8221;orange&#8221; units=&#8221;%&#8221; title=&#8221;Odsetek student\u00f3w z Opola deklaruj\u0105cych znajomo\u015b\u0107 j\u0119zyka niemieckiego (BLK 2013)&#8221;][\/vc_column_inner][\/vc_row_inner][vc_empty_space height=&#8221;60px&#8221;][vc_row_inner][vc_column_inner width=&#8221;1\/3&#8243;]<div id=\"counter-69e73ce10c6b8\" class=\"ins-counter-element select    \" data-perc=\"5433\"><div class=\"ins-counter-content\"><div class=\"ins-counter ins-counter-number title-font margin-10px-bottom default\">5433<\/div><div class=\"ins-counter-title title-font margin-20px-bottom  default no-letter-spacing\">Liczba student\u00f3w kierunk\u00f3w administracyjno-ekonomicznych w Opolu w roku akademickim 2013\/2014<\/div><\/div><\/div><script type=\"text\/javascript\">\n\t\t(function(jQuery) {jQuery(\"head\").append(\"<style>#counter-69e73ce10c6b8 .ins-counter-number{font-size: 40px; line-height: 45px;}#counter-69e73ce10c6b8 .ins-counter-title{font-size: 20px; line-height: 25px;}#counter-69e73ce10c6b8 .ins-counter-icon{font-size: 34px; line-height: 39px;}<\/style>\")\n\t\t\t\t\t})(jQuery);\n\t\t\t\t\t\t<\/script>[\/vc_column_inner][vc_column_inner width=&#8221;1\/3&#8243;]<div id=\"counter-69e73ce10c6e3\" class=\"ins-counter-element select    \" data-perc=\"5433\"><div class=\"ins-counter-content\"><div class=\"ins-counter ins-counter-number title-font margin-10px-bottom default\">5433<\/div><div class=\"ins-counter-title title-font margin-20px-bottom  default no-letter-spacing\">Liczba student\u00f3w kierunk\u00f3w in\u017cynieryjno-technicznych w Opolu w roku akademickim 2013\/2014<\/div><\/div><\/div><script type=\"text\/javascript\">\n\t\t(function(jQuery) {jQuery(\"head\").append(\"<style>#counter-69e73ce10c6e3 .ins-counter-number{font-size: 40px; line-height: 45px;}#counter-69e73ce10c6e3 .ins-counter-title{font-size: 20px; line-height: 25px;}#counter-69e73ce10c6e3 .ins-counter-icon{font-size: 34px; line-height: 39px;}<\/style>\")\n\t\t\t\t\t})(jQuery);\n\t\t\t\t\t\t<\/script>[\/vc_column_inner][vc_column_inner width=&#8221;1\/3&#8243;]<div id=\"counter-69e73ce10c70c\" class=\"ins-counter-element select    \" data-perc=\"1149\"><div class=\"ins-counter-content\"><div class=\"ins-counter ins-counter-number title-font margin-10px-bottom default\">1149<\/div><div class=\"ins-counter-title title-font margin-20px-bottom  default no-letter-spacing\">Liczba student\u00f3w kierunk\u00f3w informatycznych w Opolu w roku akademickim 2013\/2014<\/div><\/div><\/div><script type=\"text\/javascript\">\n\t\t(function(jQuery) {jQuery(\"head\").append(\"<style>#counter-69e73ce10c70c .ins-counter-number{font-size: 40px; line-height: 45px;}#counter-69e73ce10c70c .ins-counter-title{font-size: 20px; line-height: 25px;}#counter-69e73ce10c70c .ins-counter-icon{font-size: 34px; line-height: 39px;}<\/style>\")\n\t\t\t\t\t})(jQuery);\n\t\t\t\t\t\t<\/script>[\/vc_column_inner][\/vc_row_inner][vc_empty_space height=&#8221;60px&#8221;][\/vc_column][\/vc_row][vc_row full_width=&#8221;stretch_row&#8221;][vc_column][vc_empty_space height=&#8221;60px&#8221;]<div id=\"ins-heading-69e73ce10c736\" class=\"inv-section-heading-wrapper text-center position-relative  \"><div class=\"inv-section-heading-title padding-15px-bottom\"><h2 style=\"color: #343434\"  class=\"ins-section-heading-title-inner no-margin  default\">Znajomo\u015b\u0107 j\u0119zyk\u00f3w obcych<\/h2><\/div><div style=\"background-color: #0076be\" class=\"inv-section-heading-separator\"><!--separator--><\/div><\/div>[vc_empty_space height=&#8221;60px&#8221;][vc_row_inner][vc_column_inner][vc_column_text]Szeroka gama szk\u00f3\u0142 j\u0119zykowych jak r\u00f3wnie\u017c klas z nauczaniem dwuj\u0119zycznym oraz wysoka jako\u015b\u0107 nauczania j\u0119zyk\u00f3w w szko\u0142ach na wszystkich szczeblach sprawia, \u017ce znacz\u0105cy odsetek mieszka\u0144c\u00f3w swobodnie w\u0142ada jednym lub kilkoma j\u0119zykami obcymi z przewag\u0105 j\u0119zyka angielskiego i niemieckiego. 76% ludno\u015bci Wojew\u00f3dztwa Opolskiego deklaruje znajomo\u015b\u0107 przynajmniej jednego j\u0119zyka obcego. Blisko 40% tej grupy w\u0142ada j\u0119zykiem rosyjskim, angielskim lub niemieckim. Nale\u017cy podkre\u015bli\u0107 \u017ce 30% ludno\u015bci kontynuuje nauk\u0119 j\u0119zyk\u00f3w obcych \u2013 g\u0142\u00f3wnie angielskiego i niemieckiego. M\u0142odzi ludzie deklaruj\u0105 najlepsz\u0105 znajomo\u015b\u0107 j\u0119zyk\u00f3w obcych \u2013 prawie ka\u017cdy m\u0142ody mieszkaniec Opola zna j\u0119zyk angielski, a blisko 60% j\u0119zyk niemiecki.[\/vc_column_text][\/vc_column_inner][\/vc_row_inner][vc_empty_space height=&#8221;60px&#8221;][vc_row_inner][vc_column_inner width=&#8221;1\/5&#8243;]<div id=\"counter-69e73ce10c74e\" class=\"ins-counter-element select    \" data-perc=\"478\"><div class=\"ins-counter-content\"><div class=\"ins-counter ins-counter-number title-font margin-10px-bottom default\">478<\/div><div class=\"ins-counter-title title-font margin-20px-bottom  default no-letter-spacing\">Filologia angielska<\/div><\/div><\/div><script type=\"text\/javascript\">\n\t\t(function(jQuery) {jQuery(\"head\").append(\"<style>#counter-69e73ce10c74e .ins-counter-number{font-size: 40px; line-height: 45px;}#counter-69e73ce10c74e .ins-counter-title{font-size: 20px; line-height: 25px;}#counter-69e73ce10c74e .ins-counter-icon{font-size: 34px; line-height: 39px;}<\/style>\")\n\t\t\t\t\t})(jQuery);\n\t\t\t\t\t\t<\/script>[\/vc_column_inner][vc_column_inner width=&#8221;1\/5&#8243;]<div id=\"counter-69e73ce10c775\" class=\"ins-counter-element select    \" data-perc=\"265\"><div class=\"ins-counter-content\"><div class=\"ins-counter ins-counter-number title-font margin-10px-bottom default\">265<\/div><div class=\"ins-counter-title title-font margin-20px-bottom  default no-letter-spacing\">Filologia germia\u0144ska<\/div><\/div><\/div><script type=\"text\/javascript\">\n\t\t(function(jQuery) {jQuery(\"head\").append(\"<style>#counter-69e73ce10c775 .ins-counter-number{font-size: 40px; line-height: 45px;}#counter-69e73ce10c775 .ins-counter-title{font-size: 20px; line-height: 25px;}#counter-69e73ce10c775 .ins-counter-icon{font-size: 34px; line-height: 39px;}<\/style>\")\n\t\t\t\t\t})(jQuery);\n\t\t\t\t\t\t<\/script>[\/vc_column_inner][vc_column_inner width=&#8221;1\/5&#8243;]<div id=\"counter-69e73ce10c79e\" class=\"ins-counter-element select    \" data-perc=\"103\"><div class=\"ins-counter-content\"><div class=\"ins-counter ins-counter-number title-font margin-10px-bottom default\">103<\/div><div class=\"ins-counter-title title-font margin-20px-bottom  default no-letter-spacing\">Filologia roma\u0144ska<\/div><\/div><\/div><script type=\"text\/javascript\">\n\t\t(function(jQuery) {jQuery(\"head\").append(\"<style>#counter-69e73ce10c79e .ins-counter-number{font-size: 40px; line-height: 45px;}#counter-69e73ce10c79e .ins-counter-title{font-size: 20px; line-height: 25px;}#counter-69e73ce10c79e .ins-counter-icon{font-size: 34px; line-height: 39px;}<\/style>\")\n\t\t\t\t\t})(jQuery);\n\t\t\t\t\t\t<\/script>[\/vc_column_inner][vc_column_inner width=&#8221;1\/5&#8243;]<div id=\"counter-69e73ce10c7c2\" class=\"ins-counter-element select    \" data-perc=\"49\"><div class=\"ins-counter-content\"><div class=\"ins-counter ins-counter-number title-font margin-10px-bottom default\">49<\/div><div class=\"ins-counter-title title-font margin-20px-bottom  default no-letter-spacing\">Filologia s\u0142owia\u0144ska<\/div><\/div><\/div><script type=\"text\/javascript\">\n\t\t(function(jQuery) {jQuery(\"head\").append(\"<style>#counter-69e73ce10c7c2 .ins-counter-number{font-size: 40px; line-height: 45px;}#counter-69e73ce10c7c2 .ins-counter-title{font-size: 20px; line-height: 25px;}#counter-69e73ce10c7c2 .ins-counter-icon{font-size: 34px; line-height: 39px;}<\/style>\")\n\t\t\t\t\t})(jQuery);\n\t\t\t\t\t\t<\/script>[\/vc_column_inner][vc_column_inner width=&#8221;1\/5&#8243;]<div id=\"counter-69e73ce10c7ff\" class=\"ins-counter-element select    \" data-perc=\"39\"><div class=\"ins-counter-content\"><div class=\"ins-counter ins-counter-number title-font margin-10px-bottom default\">39<\/div><div class=\"ins-counter-title title-font margin-20px-bottom  default no-letter-spacing\">Filologia rosyjska<\/div><\/div><\/div><script type=\"text\/javascript\">\n\t\t(function(jQuery) {jQuery(\"head\").append(\"<style>#counter-69e73ce10c7ff .ins-counter-number{font-size: 40px; line-height: 45px;}#counter-69e73ce10c7ff .ins-counter-title{font-size: 20px; line-height: 25px;}#counter-69e73ce10c7ff .ins-counter-icon{font-size: 34px; line-height: 39px;}<\/style>\")\n\t\t\t\t\t})(jQuery);\n\t\t\t\t\t\t<\/script>[\/vc_column_inner][\/vc_row_inner][vc_empty_space height=&#8221;60px&#8221;][\/vc_column][\/vc_row][vc_row full_width=&#8221;stretch_row&#8221;][vc_column][vc_empty_space height=&#8221;60px&#8221;]<div id=\"ins-heading-69e73ce10c826\" class=\"inv-section-heading-wrapper text-center position-relative  \"><div class=\"inv-section-heading-title padding-15px-bottom\"><h2 style=\"color: #343434\"  class=\"ins-section-heading-title-inner no-margin  default\">\u015aREDNIE WYNAGRODZENIE<\/h2><\/div><div style=\"background-color: #0076be\" class=\"inv-section-heading-separator\"><!--separator--><\/div><\/div>[vc_empty_space height=&#8221;40px&#8221;][vc_row_inner][vc_column_inner width=&#8221;1\/2&#8243;][vc_line_chart x_values=&#8221;Dyrektor zak\u0142adu; Kierownik; Mistrz; Pracownik budowy; Pracownik kontroli jako\u015bci; Pracownik produkcyjny&#8221; values=&#8221;%5B%7B%22title%22%3A%22Minimalne%22%2C%22y_values%22%3A%223900%3B%202500%3B%201400%3B%20900%3B%201000%3B%20600%22%2C%22color%22%3A%22blue%22%7D%2C%7B%22title%22%3A%22Mediana%22%2C%22y_values%22%3A%224500%3B%202700%3B%201500%3B%201300%3B%201200%3B%20650%22%2C%22color%22%3A%22pink%22%7D%2C%7B%22title%22%3A%22Maksymalne%22%2C%22y_values%22%3A%226100%3B%203300%3B%202000%3B%201500%3B%201500%3B%20700%22%2C%22color%22%3A%22peacoc%22%2C%22custom_color%22%3A%22%23fe6c61%22%7D%5D&#8221;][\/vc_column_inner][vc_column_inner width=&#8221;1\/2&#8243;][vc_line_chart x_values=&#8221;KATOWICE; KRAK\u00d3W; WROC\u0141AW; OPOLE&#8221; values=&#8221;%5B%7B%22title%22%3A%22EURO%22%2C%22y_values%22%3A%221350%3B%201000%3B%20980%3B%20900%22%2C%22color%22%3A%22blue%22%7D%5D&#8221;][\/vc_column_inner][\/vc_row_inner][vc_empty_space height=&#8221;60px&#8221;][\/vc_column][\/vc_row]<\/p>\n<\/div>","protected":false},"excerpt":{"rendered":"<p>[vc_row full_width=&#8221;stretch_row&#8221;][vc_column][vc_empty_space height=&#8221;120px&#8221;][vc_empty_space height=&#8221;40px&#8221;][vc_row_inner][vc_column_inner width=&#8221;5\/12&#8243;][vc_icon icon_fontawesome=&#8221;fa fa-users&#8221; color=&#8221;black&#8221; size=&#8221;lg&#8221;][\/vc_column_inner][vc_column_inner width=&#8221;7\/12&#8243;][vc_round_chart stroke_width=&#8221;2&#8243; values=&#8221;%5B%7B%22title%22%3A%22Wiek%20przedprodukcyjny%20(18%20000)%22%2C%22value%22%3A%2215%22%2C%22color%22%3A%22vista-blue%22%7D%2C%7B%22title%22%3A%22Wiek%20poprodukcyjny%20%20(27%20000)%22%2C%22value%22%3A%2223%22%2C%22color%22%3A%22orange%22%7D%2C%7B%22title%22%3A%22Wiek%20produkcyjny%20(74%20000)%22%2C%22value%22%3A%2262%22%2C%22color%22%3A%22blue%22%2C%22custom_color%22%3A%22%23555555%22%7D%5D&#8221;][\/vc_column_inner][\/vc_row_inner][vc_empty_space height=&#8221;40px&#8221;][\/vc_column][\/vc_row][vc_row full_width=&#8221;stretch_row&#8221; css=&#8221;.vc_custom_1539795341910{background-color: #f7f7f7 !important;}&#8221;][vc_column][vc_empty_space height=&#8221;60px&#8221;][vc_empty_space height=&#8221;60px&#8221;][vc_row_inner][vc_column_inner width=&#8221;1\/3&#8243;][vc_pie value=&#8221;4&#8243; label_value=&#8221;2 500 |&#8221; color=&#8221;blue&#8221; [&hellip;]<\/p>\n","protected":false},"author":1,"featured_media":0,"parent":0,"menu_order":0,"comment_status":"closed","ping_status":"closed","template":"","meta":{"_acf_changed":false,"footnotes":""},"class_list":["post-803","page","type-page","status-publish","hentry"],"acf":[],"_links":{"self":[{"href":"https:\/\/investinopole.pl\/de\/wp-json\/wp\/v2\/pages\/803","targetHints":{"allow":["GET"]}}],"collection":[{"href":"https:\/\/investinopole.pl\/de\/wp-json\/wp\/v2\/pages"}],"about":[{"href":"https:\/\/investinopole.pl\/de\/wp-json\/wp\/v2\/types\/page"}],"author":[{"embeddable":true,"href":"https:\/\/investinopole.pl\/de\/wp-json\/wp\/v2\/users\/1"}],"replies":[{"embeddable":true,"href":"https:\/\/investinopole.pl\/de\/wp-json\/wp\/v2\/comments?post=803"}],"version-history":[{"count":78,"href":"https:\/\/investinopole.pl\/de\/wp-json\/wp\/v2\/pages\/803\/revisions"}],"predecessor-version":[{"id":28507,"href":"https:\/\/investinopole.pl\/de\/wp-json\/wp\/v2\/pages\/803\/revisions\/28507"}],"wp:attachment":[{"href":"https:\/\/investinopole.pl\/de\/wp-json\/wp\/v2\/media?parent=803"}],"curies":[{"name":"wp","href":"https:\/\/api.w.org\/{rel}","templated":true}]}}