{"id":12950,"date":"2018-10-19T00:26:49","date_gmt":"2018-10-18T22:26:49","guid":{"rendered":"https:\/\/investinopole.pl\/?page_id=12950"},"modified":"2025-12-15T09:07:16","modified_gmt":"2025-12-15T08:07:16","slug":"firmy-zainwestowali","status":"publish","type":"page","link":"https:\/\/investinopole.pl\/de\/firmy-zainwestowali\/","title":{"rendered":"Firmy"},"content":{"rendered":"<div class=\"wpb-content-wrapper\"><p>[vc_row][vc_column][vc_empty_space height=&#8221;150px&#8221;]<div id=\"ins-heading-69e1a2e23fbea\" class=\"inv-section-heading-wrapper text-left position-relative  \"><div class=\"inv-section-heading-title padding-15px-bottom\"><h2 style=\"color: #343434\"  class=\"ins-section-heading-title-inner no-margin  default\">Motoryzacja<\/h2><\/div><div style=\"background-color: #0076be\" class=\"inv-section-heading-separator\"><!--separator--><\/div><\/div>[vc_empty_space height=&#8221;30px&#8221;][vc_column_text]Ostatnie lata pokazuj\u0105, \u017ce Opole jest atrakcyjn\u0105 lokalizacj\u0105 dla firm z bran\u017cy motoryzacyjnej.[\/vc_column_text][vc_empty_space height=&#8221;30px&#8221;][vc_basic_grid post_type=&#8221;company&#8221; max_items=&#8221;99&#8243; gap=&#8221;10&#8243; item=&#8221;28391&#8243; grid_id=&#8221;vc_gid:1765785992217-62bcf705-33bb-10&#8243; taxonomies=&#8221;42&#8243;][vc_empty_space height=&#8221;50px&#8221;][\/vc_column][\/vc_row][vc_row][vc_column][vc_empty_space height=&#8221;150px&#8221;]<div id=\"ins-heading-69e1a2e23fc03\" class=\"inv-section-heading-wrapper text-left position-relative  \"><div class=\"inv-section-heading-title padding-15px-bottom\"><h2 style=\"color: #343434\"  class=\"ins-section-heading-title-inner no-margin  default\">Maszyny, urz\u0105dzenia i metale<\/h2><\/div><div style=\"background-color: #0076be\" class=\"inv-section-heading-separator\"><!--separator--><\/div><\/div>[vc_empty_space height=&#8221;30px&#8221;][vc_column_text]Nowoczesno\u015b\u0107 i tradycja w po\u0142\u0105czeniu z wysokim etosem pracy owocuje doskona\u0142ymi produktami w bran\u017cy maszynowej i metalowej.[\/vc_column_text][vc_empty_space height=&#8221;30px&#8221;][vc_basic_grid post_type=&#8221;company&#8221; max_items=&#8221;99&#8243; item=&#8221;28391&#8243; grid_id=&#8221;vc_gid:1765785992217-ca22a50c-4ca5-3&#8243; taxonomies=&#8221;43&#8243;][vc_empty_space height=&#8221;50px&#8221;][\/vc_column][\/vc_row][vc_row][vc_column el_class=&#8221;special-column&#8221;][vc_empty_space height=&#8221;150px&#8221;]<div id=\"ins-heading-69e1a2e23fc14\" class=\"inv-section-heading-wrapper text-left position-relative  \"><div class=\"inv-section-heading-title padding-15px-bottom\"><h2 style=\"color: #343434\"  class=\"ins-section-heading-title-inner no-margin  default\">Materia\u0142y budowlane i wyposa\u017cenia wn\u0119trz<\/h2><\/div><div style=\"background-color: #0076be\" class=\"inv-section-heading-separator\"><!--separator--><\/div><\/div>[vc_empty_space height=&#8221;30px&#8221;][vc_column_text]Na histori\u0119 gospodarcz\u0105 Opola najwi\u0119kszy wp\u0142yw mia\u0142a produkcja materia\u0142\u00f3w budowlanych, w szczeg\u00f3lno\u015bci cementu. Obecnie bran\u017ca materia\u0142\u00f3w budowlanych i materia\u0142\u00f3w wyposa\u017cenia\u00a0wn\u0119trz rozwija si\u0119 pr\u0119\u017cnie tworz\u0105c coraz bardziej z\u0142o\u017cone produkty.[\/vc_column_text][vc_empty_space height=&#8221;30px&#8221;][vc_basic_grid post_type=&#8221;company&#8221; max_items=&#8221;99&#8243; item=&#8221;28391&#8243; grid_id=&#8221;vc_gid:1765785992217-387a41fd-eed6-7&#8243; taxonomies=&#8221;44&#8243;][vc_empty_space height=&#8221;50px&#8221;][\/vc_column][\/vc_row][vc_row][vc_column][vc_empty_space height=&#8221;150px&#8221;]<div id=\"ins-heading-69e1a2e23fc21\" class=\"inv-section-heading-wrapper text-left position-relative  \"><div class=\"inv-section-heading-title padding-15px-bottom\"><h2 style=\"color: #343434\"  class=\"ins-section-heading-title-inner no-margin  default\">Przemys\u0142 spo\u017cywczy<\/h2><\/div><div style=\"background-color: #0076be\" class=\"inv-section-heading-separator\"><!--separator--><\/div><\/div>[vc_empty_space height=&#8221;30px&#8221;][vc_column_text]W spos\u00f3b naturalny, w mie\u015bcie b\u0119d\u0105cym stolic\u0105 wojew\u00f3dztwa z silnym i nowoczesnym rolnictwem rozkwita przemys\u0142 spo\u017cywczy. Systematyczny rozw\u00f3j i nowe inwestycje przedsi\u0119biorstw z bran\u017cy spo\u017cywczej \u015bwiadcz\u0105 o idealnych warunkach dla tego typu dzia\u0142alno\u015bci. Od 2011 roku w Opolu organizowany jest Og\u00f3lnopolski Kongres Bran\u017cy Spo\u017cywczej, kt\u00f3rego celem jest stworzenie forum wymiany do\u015bwiadcze\u0144 i opinii nt. sytuacji i perspektyw rozwoju bran\u017cy spo\u017cywczej w Polsce i Europie.[\/vc_column_text][vc_empty_space height=&#8221;30px&#8221;][vc_basic_grid post_type=&#8221;company&#8221; max_items=&#8221;99&#8243; item=&#8221;28391&#8243; grid_id=&#8221;vc_gid:1765785992218-a5eed6e7-b62f-9&#8243; taxonomies=&#8221;45&#8243;][vc_empty_space height=&#8221;50px&#8221;][\/vc_column][\/vc_row][vc_row][vc_column][vc_empty_space height=&#8221;150px&#8221;]<div id=\"ins-heading-69e1a2e23fc2e\" class=\"inv-section-heading-wrapper text-left position-relative  \"><div class=\"inv-section-heading-title padding-15px-bottom\"><h2 style=\"color: #343434\"  class=\"ins-section-heading-title-inner no-margin  default\">Nowoczesne us\u0142ugi dla biznesu<\/h2><\/div><div style=\"background-color: #0076be\" class=\"inv-section-heading-separator\"><!--separator--><\/div><\/div>[vc_empty_space height=&#8221;30px&#8221;][vc_column_text]Opole nazwane zosta\u0142o przez Colliers International \u201eWschodz\u0105c\u0105 Gwiazd\u0105\u201d rynku dla lokalizacji inwestycji BPO\/SSC. G\u0142\u00f3wnymi atutami Opola w przyci\u0105ganiu tego typu projekt\u00f3w jest korzystny klimat inwestycyjny, dost\u0119pno\u015b\u0107 zasob\u00f3w ludzkich, wysokie kwalifikacje opolskich pracownik\u00f3w oraz rozw\u00f3j nowoczesnego rynku biurowego. Firmy z tego sektora mog\u0105 r\u00f3wnie\u017c liczy\u0107 na wsparcie ze strony opolskich uczelni wy\u017cszych.[\/vc_column_text][vc_empty_space height=&#8221;30px&#8221;][vc_basic_grid post_type=&#8221;company&#8221; max_items=&#8221;99&#8243; item=&#8221;28391&#8243; grid_id=&#8221;vc_gid:1765785992218-4360c20c-3bef-6&#8243; taxonomies=&#8221;46&#8243;][vc_empty_space height=&#8221;50px&#8221;][\/vc_column][\/vc_row][vc_row][vc_column][vc_empty_space height=&#8221;150px&#8221;]<div id=\"ins-heading-69e1a2e23fc38\" class=\"inv-section-heading-wrapper text-left position-relative  \"><div class=\"inv-section-heading-title padding-15px-bottom\"><h2 style=\"color: #343434\"  class=\"ins-section-heading-title-inner no-margin  default\">Pozosta\u0142e<\/h2><\/div><div style=\"background-color: #0076be\" class=\"inv-section-heading-separator\"><!--separator--><\/div><\/div>[vc_empty_space height=&#8221;30px&#8221;][vc_column_text]Motorem opolskiej gospodarki s\u0105 r\u00f3wnie\u017c firmy, kt\u00f3re dzi\u0119ki swoim us\u0142ugom obecne s\u0105 w skali \u015bwiatowej . W Opolu funkcjonuj\u0105 mi\u0119dzy innymi najwi\u0119ksze biuro podr\u00f3\u017cy w Polsce oraz najwi\u0119kszy przewo\u017anik autokarowy w Polsce.[\/vc_column_text][vc_empty_space height=&#8221;30px&#8221;][vc_basic_grid post_type=&#8221;company&#8221; max_items=&#8221;99&#8243; item=&#8221;28391&#8243; grid_id=&#8221;vc_gid:1765785992218-5ccae522-f12e-0&#8243; taxonomies=&#8221;47&#8243;][vc_empty_space height=&#8221;50px&#8221;][\/vc_column][\/vc_row]<\/p>\n<\/div>","protected":false},"excerpt":{"rendered":"<p>[vc_row][vc_column][vc_empty_space height=&#8221;150px&#8221;][vc_empty_space height=&#8221;30px&#8221;][vc_column_text]Ostatnie lata pokazuj\u0105, \u017ce Opole jest atrakcyjn\u0105 lokalizacj\u0105 dla firm z bran\u017cy motoryzacyjnej.[\/vc_column_text][vc_empty_space height=&#8221;30px&#8221;][vc_basic_grid post_type=&#8221;company&#8221; max_items=&#8221;99&#8243; gap=&#8221;10&#8243; item=&#8221;28391&#8243; grid_id=&#8221;vc_gid:1765785992217-62bcf705-33bb-10&#8243; taxonomies=&#8221;42&#8243;][vc_empty_space height=&#8221;50px&#8221;][\/vc_column][\/vc_row][vc_row][vc_column][vc_empty_space height=&#8221;150px&#8221;][vc_empty_space height=&#8221;30px&#8221;][vc_column_text]Nowoczesno\u015b\u0107 [&hellip;]<\/p>\n","protected":false},"author":1,"featured_media":0,"parent":0,"menu_order":0,"comment_status":"closed","ping_status":"closed","template":"","meta":{"_acf_changed":false,"footnotes":""},"class_list":["post-12950","page","type-page","status-publish","hentry"],"acf":[],"_links":{"self":[{"href":"https:\/\/investinopole.pl\/de\/wp-json\/wp\/v2\/pages\/12950","targetHints":{"allow":["GET"]}}],"collection":[{"href":"https:\/\/investinopole.pl\/de\/wp-json\/wp\/v2\/pages"}],"about":[{"href":"https:\/\/investinopole.pl\/de\/wp-json\/wp\/v2\/types\/page"}],"author":[{"embeddable":true,"href":"https:\/\/investinopole.pl\/de\/wp-json\/wp\/v2\/users\/1"}],"replies":[{"embeddable":true,"href":"https:\/\/investinopole.pl\/de\/wp-json\/wp\/v2\/comments?post=12950"}],"version-history":[{"count":29,"href":"https:\/\/investinopole.pl\/de\/wp-json\/wp\/v2\/pages\/12950\/revisions"}],"predecessor-version":[{"id":28483,"href":"https:\/\/investinopole.pl\/de\/wp-json\/wp\/v2\/pages\/12950\/revisions\/28483"}],"wp:attachment":[{"href":"https:\/\/investinopole.pl\/de\/wp-json\/wp\/v2\/media?parent=12950"}],"curies":[{"name":"wp","href":"https:\/\/api.w.org\/{rel}","templated":true}]}}