{"id":12872,"date":"2018-10-17T23:21:27","date_gmt":"2018-10-17T21:21:27","guid":{"rendered":"https:\/\/investinopole.pl\/?page_id=12872"},"modified":"2026-03-03T09:06:51","modified_gmt":"2026-03-03T08:06:51","slug":"publications","status":"publish","type":"page","link":"https:\/\/investinopole.pl\/de\/publications\/","title":{"rendered":"Publikacje"},"content":{"rendered":"<div class=\"wpb-content-wrapper\"><p>[vc_row][vc_column][vc_empty_space height=&#8221;120px&#8221;][vc_row_inner][vc_column_inner width=&#8221;1\/2&#8243;]<div id=\"ins-heading-69e1b33a00a17\" class=\"inv-section-heading-wrapper text-left position-relative  \"><div class=\"inv-section-heading-subtitle\"><h6 style=\"color: #343434\" class=\"margin-5px-top margin-10px-bottom text-capitalize  text-medium  \">Kr\u00f3tko o Opolu i mo\u017cliwo\u015bciach inwestycyjnych.<\/h6><\/div><div class=\"inv-section-heading-title padding-15px-bottom\"><h5 style=\"color: #343434\"  class=\"ins-section-heading-title-inner no-margin  default\">OPOLE. INWESTUJ BEZ GRANIC<\/h5><\/div><div style=\"background-color: #0076be\" class=\"inv-section-heading-separator\"><!--separator--><\/div><\/div>[vc_empty_space height=&#8221;40px&#8221;][vc_video link=&#8221;https:\/\/youtu.be\/_x-XlLlXElI&#8221; css=&#8221;&#8221;][\/vc_column_inner][vc_column_inner width=&#8221;1\/2&#8243;]<div id=\"ins-heading-69e1b33a00a2c\" class=\"inv-section-heading-wrapper text-left position-relative  \"><div class=\"inv-section-heading-subtitle\"><h6 style=\"color: #343434\" class=\"margin-5px-top margin-10px-bottom text-capitalize  text-medium  \">Opinia przedstawicieli firm z Opola.<\/h6><\/div><div class=\"inv-section-heading-title padding-15px-bottom\"><h5 style=\"color: #343434\"  class=\"ins-section-heading-title-inner no-margin  default\">DLACZEGO WARTO INWESTOWA\u0106 W OPOLU?<\/h5><\/div><div style=\"background-color: #0076be\" class=\"inv-section-heading-separator\"><!--separator--><\/div><\/div>[vc_empty_space height=&#8221;40px&#8221;][vc_video link=&#8221;httpss:\/\/www.youtube.com\/watch?v=avkTfhrX_Sg&#8221;][\/vc_column_inner][\/vc_row_inner][vc_empty_space height=&#8221;80px&#8221;][\/vc_column][\/vc_row]<\/p>\n<\/div>","protected":false},"excerpt":{"rendered":"<p>[vc_row][vc_column][vc_empty_space height=&#8221;120px&#8221;][vc_row_inner][vc_column_inner width=&#8221;1\/2&#8243;][vc_empty_space height=&#8221;40px&#8221;][vc_video link=&#8221;https:\/\/youtu.be\/_x-XlLlXElI&#8221; css=&#8221;&#8221;][\/vc_column_inner][vc_column_inner width=&#8221;1\/2&#8243;][vc_empty_space height=&#8221;40px&#8221;][vc_video link=&#8221;httpss:\/\/www.youtube.com\/watch?v=avkTfhrX_Sg&#8221;][\/vc_column_inner][\/vc_row_inner][vc_empty_space height=&#8221;80px&#8221;][\/vc_column][\/vc_row]<\/p>\n","protected":false},"author":1,"featured_media":0,"parent":0,"menu_order":0,"comment_status":"closed","ping_status":"closed","template":"","meta":{"_acf_changed":false,"footnotes":""},"class_list":["post-12872","page","type-page","status-publish","hentry"],"acf":[],"_links":{"self":[{"href":"https:\/\/investinopole.pl\/de\/wp-json\/wp\/v2\/pages\/12872","targetHints":{"allow":["GET"]}}],"collection":[{"href":"https:\/\/investinopole.pl\/de\/wp-json\/wp\/v2\/pages"}],"about":[{"href":"https:\/\/investinopole.pl\/de\/wp-json\/wp\/v2\/types\/page"}],"author":[{"embeddable":true,"href":"https:\/\/investinopole.pl\/de\/wp-json\/wp\/v2\/users\/1"}],"replies":[{"embeddable":true,"href":"https:\/\/investinopole.pl\/de\/wp-json\/wp\/v2\/comments?post=12872"}],"version-history":[{"count":77,"href":"https:\/\/investinopole.pl\/de\/wp-json\/wp\/v2\/pages\/12872\/revisions"}],"predecessor-version":[{"id":28552,"href":"https:\/\/investinopole.pl\/de\/wp-json\/wp\/v2\/pages\/12872\/revisions\/28552"}],"wp:attachment":[{"href":"https:\/\/investinopole.pl\/de\/wp-json\/wp\/v2\/media?parent=12872"}],"curies":[{"name":"wp","href":"https:\/\/api.w.org\/{rel}","templated":true}]}}