{"id":12823,"date":"2018-10-17T19:03:21","date_gmt":"2018-10-17T17:03:21","guid":{"rendered":"https:\/\/investinopole.pl\/?page_id=12823"},"modified":"2025-12-16T15:07:56","modified_gmt":"2025-12-16T14:07:56","slug":"jakosc-zycia","status":"publish","type":"page","link":"https:\/\/investinopole.pl\/de\/jakosc-zycia\/","title":{"rendered":"Lebensqualit\u00e4t"},"content":{"rendered":"<div class=\"wpb-content-wrapper\"><p>[vc_row full_width=&#8221;stretch_row&#8221;][vc_column][vc_empty_space height=&#8221;120px&#8221;]<div id=\"ins-heading-69e1b414874d6\" class=\"inv-section-heading-wrapper text-left position-relative  \"><div class=\"inv-section-heading-title padding-15px-bottom\"><h2 style=\"color: #343434\"  class=\"ins-section-heading-title-inner no-margin  default\">Unterhaltung und Kultur<\/h2><\/div><div style=\"background-color: #0076be\" class=\"inv-section-heading-separator\"><!--separator--><\/div><\/div>[vc_empty_space height=&#8221;60px&#8221;][vc_row_inner][vc_column_inner][vc_column_text]Opole ist allgemein bekannt als die Hauptstadt Polnischer Lieder. Jedes Jahres finden hier popul\u00e4re Festivals statt \u2013 der ber\u00fchmteste von ihnen \u2013 das Nationalfestival der Polnischen Lieder \u2013 zieht seit einem halben Jahrhundert Tausende von Touristen sowie die Aufmerksamkeit der Medien und Millionen von Fernsehzuschauer an. Die Liebhaber des Festivals k\u00f6nnen sich an seine vorherigen Auflagen im neugegr\u00fcndeten Museum der Polnischen Lieder [Muzeum Polskiej Piosenki] erinnern. Ein renommiertes Ereignis im kulturellen Leben des Landes sind auch die Oppelner Theaterkonfrontationen \u2013 Polnische Klasik [Opolskie Konfrontacje Teatralne \u2013 Klasyka Polska]. Eine andere wichtige Veranstaltung ist das Gesamtpolnische Festival der Puppentheater [Og\u00f3lnopolski Festiwal Teatr\u00f3w Lalek]. Das Festival pr\u00e4sentiert die Vielfalt der gegenw\u00e4rtigen Puppenmacherkunst und die Spektakel sind nicht nur an Kinder und Jugendliche gerichtet. Das Kulturangebot erg\u00e4nzt die moderne \u00d6ffentliche Stadtbibliothek [Miejska Biblioteka Publiczna], deren Geb\u00e4ude als einer der 7 Wunder Europ\u00e4ischer Fonds gilt.<br \/>\nIhren Einwohnern und G\u00e4sten gew\u00e4hrleistet Opole ein reiches Angebot im Bereich Erholung und Tourismus. Das allm\u00e4hlich ausgebaute Netz von Radwegen wird bald einen betr\u00e4chtlichen Teil der Stadt mit einem einheitlichen Verkehrssystem verbinden. In Opole befinden sich viele Gr\u00fcn- und Erholungsgebiete weit vom L\u00e4rm der Stadt. Perfekte Orte f\u00fcr Spazierg\u00e4nge am Wochenende sind: der Stadtpark \u201eBolko-Insel\u201c [Wyspa Bolko], das Ufergebiet des M\u00fchlgrabens [M\u0142yn\u00f3wka], der \u201eOderpark\u201c [Park Nadodrza\u0144ski], der \u201eKarol-Musio\u0142-Boulevard\u201c [Bulwar Karola Musio\u0142a] und der Zoologische Garten Opole, der zu einem der sch\u00f6nsten Objekte dieser Art in Polen z\u00e4hlt. Die Personen, die eine aktive Erholung bevorzugen, k\u00f6nnen in der Freizeit viele auf dem Gebiet der Stadt gelegene Sport- und Erholungseinrichtungen in Anspruch nehmen, u. a. eine Eisbahn \u201eToporpol\u201c, eine 50-Meter Schwimmhalle \u201eWodna Nuta\u201c sowie das 25-meter lange \u201eAquarium\u201c [Akwarium], das Freibad \u201eB\u0142\u0119kitna Fala\u201c, Sportzentrum an der P\u00f3\u0142nocna-Stra\u00dfe wie auch Kegelbahnen, Fitnessclubs oder ein modernes Leichtathletikstadion.[\/vc_column_text][\/vc_column_inner][\/vc_row_inner][vc_empty_space height=&#8221;60px&#8221;][\/vc_column][\/vc_row][vc_row full_width=&#8221;stretch_row&#8221; css=&#8221;.vc_custom_1539797719136{padding-top: 70px !important;padding-bottom: 70px !important;background: #162a5d url(https:\/\/investinopole.pl\/wp-content\/uploads\/2018\/10\/bg-opole.jpg?id=12088) !important;}&#8221;][vc_column][vc_row_inner][vc_column_inner width=&#8221;1\/5&#8243;]<div id=\"counter-69e1b41487507\" class=\"ins-counter-element text-left   counter-with-icon default \" data-perc=\"12\"><div class=\"ins-counter-icon margin-15px-bottom\"><i class=\"fa fa-hospital-o\"><\/i><\/div><div class=\"ins-counter-content\"><div class=\"ins-counter ins-counter-number title-font margin-10px-bottom default\">12<\/div><div class=\"ins-counter-title title-font margin-20px-bottom text-uppercase default letter-spacing-0.5\">Hotele<\/div><\/div><\/div><script type=\"text\/javascript\">\n\t\t(function(jQuery) {jQuery(\"head\").append(\"<style>#counter-69e1b41487507 .ins-counter-number{font-size: 50px; line-height: 55px;}#counter-69e1b41487507 .ins-counter-title{font-size: 26px; line-height: 31px;}#counter-69e1b41487507 .ins-counter-icon{font-size: 46px; line-height: 51px;}#counter-69e1b41487507 .ins-counter-number{color: #ffffff;}#counter-69e1b41487507 .ins-counter-title{color: #ffffff;}#counter-69e1b41487507 .ins-counter-icon{color: #ffffff; }<\/style>\")\n\t\t\t\t\t})(jQuery);\n\t\t\t\t\t\t<\/script>[vc_empty_space height=&#8221;30px&#8221;][\/vc_column_inner][vc_column_inner width=&#8221;1\/5&#8243;]<div id=\"counter-69e1b4148755e\" class=\"ins-counter-element text-left   counter-with-icon default \" data-perc=\"2\"><div class=\"ins-counter-icon margin-15px-bottom\"><i class=\"fa fa-video-camera\"><\/i><\/div><div class=\"ins-counter-content\"><div class=\"ins-counter ins-counter-number title-font margin-10px-bottom default\">2<\/div><div class=\"ins-counter-title title-font margin-20px-bottom text-uppercase default letter-spacing-0.5\">Konos<\/div><\/div><\/div><script type=\"text\/javascript\">\n\t\t(function(jQuery) {jQuery(\"head\").append(\"<style>#counter-69e1b4148755e .ins-counter-number{font-size: 50px; line-height: 55px;}#counter-69e1b4148755e .ins-counter-title{font-size: 26px; line-height: 31px;}#counter-69e1b4148755e .ins-counter-icon{font-size: 46px; line-height: 51px;}#counter-69e1b4148755e .ins-counter-number{color: #ffffff;}#counter-69e1b4148755e .ins-counter-title{color: #ffffff;}#counter-69e1b4148755e .ins-counter-icon{color: #ffffff; }<\/style>\")\n\t\t\t\t\t})(jQuery);\n\t\t\t\t\t\t<\/script>[vc_empty_space height=&#8221;30px&#8221;][\/vc_column_inner][vc_column_inner width=&#8221;1\/5&#8243;]<div id=\"counter-69e1b4148758d\" class=\"ins-counter-element text-left   counter-with-icon default \" data-perc=\"13\"><div class=\"ins-counter-icon margin-15px-bottom\"><i class=\"vc-material vc-material-pool\"><\/i><\/div><div class=\"ins-counter-content\"><div class=\"ins-counter ins-counter-number title-font margin-10px-bottom default\">13<\/div><div class=\"ins-counter-title title-font margin-20px-bottom text-uppercase default letter-spacing-0.5\">Swimmhalen<\/div><\/div><\/div><script type=\"text\/javascript\">\n\t\t(function(jQuery) {jQuery(\"head\").append(\"<style>#counter-69e1b4148758d .ins-counter-number{font-size: 50px; line-height: 55px;}#counter-69e1b4148758d .ins-counter-title{font-size: 26px; line-height: 31px;}#counter-69e1b4148758d .ins-counter-icon{font-size: 46px; line-height: 51px;}#counter-69e1b4148758d .ins-counter-number{color: #ffffff;}#counter-69e1b4148758d .ins-counter-title{color: #ffffff;}#counter-69e1b4148758d .ins-counter-icon{color: #ffffff; }<\/style>\")\n\t\t\t\t\t})(jQuery);\n\t\t\t\t\t\t<\/script>[vc_empty_space height=&#8221;30px&#8221;][\/vc_column_inner][vc_column_inner width=&#8221;1\/5&#8243;]<div id=\"counter-69e1b414875b9\" class=\"ins-counter-element text-left   counter-with-icon default \" data-perc=\"9\"><div class=\"ins-counter-icon margin-15px-bottom\"><i class=\"vc-material vc-material-event_available\"><\/i><\/div><div class=\"ins-counter-content\"><div class=\"ins-counter ins-counter-number title-font margin-10px-bottom default\">9<\/div><div class=\"ins-counter-title title-font margin-20px-bottom text-uppercase default letter-spacing-0.5\">Kunstfestival<\/div><\/div><\/div><script type=\"text\/javascript\">\n\t\t(function(jQuery) {jQuery(\"head\").append(\"<style>#counter-69e1b414875b9 .ins-counter-number{font-size: 50px; line-height: 55px;}#counter-69e1b414875b9 .ins-counter-title{font-size: 26px; line-height: 31px;}#counter-69e1b414875b9 .ins-counter-icon{font-size: 46px; line-height: 51px;}#counter-69e1b414875b9 .ins-counter-number{color: #ffffff;}#counter-69e1b414875b9 .ins-counter-title{color: #ffffff;}#counter-69e1b414875b9 .ins-counter-icon{color: #ffffff; }<\/style>\")\n\t\t\t\t\t})(jQuery);\n\t\t\t\t\t\t<\/script>[vc_empty_space height=&#8221;30px&#8221;][\/vc_column_inner][vc_column_inner width=&#8221;1\/5&#8243;]<div id=\"counter-69e1b414875e2\" class=\"ins-counter-element text-left   counter-with-icon default \" data-perc=\"9\"><div class=\"ins-counter-icon margin-15px-bottom\"><i class=\"vc-material vc-material-accessibility\"><\/i><\/div><div class=\"ins-counter-content\"><div class=\"ins-counter ins-counter-number title-font margin-10px-bottom default\">9<\/div><div class=\"ins-counter-title title-font margin-20px-bottom text-uppercase default letter-spacing-0.5\">Sportshallen<\/div><\/div><\/div><script type=\"text\/javascript\">\n\t\t(function(jQuery) {jQuery(\"head\").append(\"<style>#counter-69e1b414875e2 .ins-counter-number{font-size: 50px; line-height: 55px;}#counter-69e1b414875e2 .ins-counter-title{font-size: 26px; line-height: 31px;}#counter-69e1b414875e2 .ins-counter-icon{font-size: 46px; line-height: 51px;}#counter-69e1b414875e2 .ins-counter-number{color: #ffffff;}#counter-69e1b414875e2 .ins-counter-title{color: #ffffff;}#counter-69e1b414875e2 .ins-counter-icon{color: #ffffff; }<\/style>\")\n\t\t\t\t\t})(jQuery);\n\t\t\t\t\t\t<\/script>[vc_empty_space height=&#8221;30px&#8221;][\/vc_column_inner][\/vc_row_inner][vc_row_inner][vc_column_inner width=&#8221;1\/5&#8243;]<div id=\"counter-69e1b4148760a\" class=\"ins-counter-element text-left   counter-with-icon default \" data-perc=\"12\"><div class=\"ins-counter-icon margin-15px-bottom\"><i class=\"vc-material vc-material-directions_walk\"><\/i><\/div><div class=\"ins-counter-content\"><div class=\"ins-counter ins-counter-number title-font margin-10px-bottom default\">12<\/div><div class=\"ins-counter-title title-font margin-20px-bottom text-uppercase default letter-spacing-0.5\">Tennisplatze<\/div><\/div><\/div><script type=\"text\/javascript\">\n\t\t(function(jQuery) {jQuery(\"head\").append(\"<style>#counter-69e1b4148760a .ins-counter-number{font-size: 50px; line-height: 55px;}#counter-69e1b4148760a .ins-counter-title{font-size: 26px; line-height: 31px;}#counter-69e1b4148760a .ins-counter-icon{font-size: 46px; line-height: 51px;}#counter-69e1b4148760a .ins-counter-number{color: #ffffff;}#counter-69e1b4148760a .ins-counter-title{color: #ffffff;}#counter-69e1b4148760a .ins-counter-icon{color: #ffffff; }<\/style>\")\n\t\t\t\t\t})(jQuery);\n\t\t\t\t\t\t<\/script>[vc_empty_space height=&#8221;30px&#8221;][\/vc_column_inner][vc_column_inner width=&#8221;1\/5&#8243;]<div id=\"counter-69e1b41487630\" class=\"ins-counter-element text-left   counter-with-icon default \" data-perc=\"4\"><div class=\"ins-counter-icon margin-15px-bottom\"><i class=\"vc-material vc-material-account_balance\"><\/i><\/div><div class=\"ins-counter-content\"><div class=\"ins-counter ins-counter-number title-font margin-10px-bottom default\">4<\/div><div class=\"ins-counter-title title-font margin-20px-bottom text-uppercase default letter-spacing-0.5\">Theater<\/div><\/div><\/div><script type=\"text\/javascript\">\n\t\t(function(jQuery) {jQuery(\"head\").append(\"<style>#counter-69e1b41487630 .ins-counter-number{font-size: 50px; line-height: 55px;}#counter-69e1b41487630 .ins-counter-title{font-size: 26px; line-height: 31px;}#counter-69e1b41487630 .ins-counter-icon{font-size: 46px; line-height: 51px;}#counter-69e1b41487630 .ins-counter-number{color: #ffffff;}#counter-69e1b41487630 .ins-counter-title{color: #ffffff;}#counter-69e1b41487630 .ins-counter-icon{color: #ffffff; }<\/style>\")\n\t\t\t\t\t})(jQuery);\n\t\t\t\t\t\t<\/script>[vc_empty_space height=&#8221;30px&#8221;][\/vc_column_inner][vc_column_inner width=&#8221;1\/5&#8243;]<div id=\"counter-69e1b41487656\" class=\"ins-counter-element text-left   counter-with-icon default \" data-perc=\"13\"><div class=\"ins-counter-icon margin-15px-bottom\"><i class=\"vc-material vc-material-terrain\"><\/i><\/div><div class=\"ins-counter-content\"><div class=\"ins-counter ins-counter-number title-font margin-10px-bottom default\">13<\/div><div class=\"ins-counter-title title-font margin-20px-bottom text-uppercase default letter-spacing-0.5\">Kletterwande<\/div><\/div><\/div><script type=\"text\/javascript\">\n\t\t(function(jQuery) {jQuery(\"head\").append(\"<style>#counter-69e1b41487656 .ins-counter-number{font-size: 50px; line-height: 55px;}#counter-69e1b41487656 .ins-counter-title{font-size: 26px; line-height: 31px;}#counter-69e1b41487656 .ins-counter-icon{font-size: 46px; line-height: 51px;}#counter-69e1b41487656 .ins-counter-number{color: #ffffff;}#counter-69e1b41487656 .ins-counter-title{color: #ffffff;}#counter-69e1b41487656 .ins-counter-icon{color: #ffffff; }<\/style>\")\n\t\t\t\t\t})(jQuery);\n\t\t\t\t\t\t<\/script>[vc_empty_space height=&#8221;30px&#8221;][\/vc_column_inner][vc_column_inner width=&#8221;1\/5&#8243;]<div id=\"counter-69e1b4148767a\" class=\"ins-counter-element text-left   counter-with-icon default \" data-perc=\"9\"><div class=\"ins-counter-icon margin-15px-bottom\"><i class=\"ti-gallery\"><\/i><\/div><div class=\"ins-counter-content\"><div class=\"ins-counter ins-counter-number title-font margin-10px-bottom default\">9<\/div><div class=\"ins-counter-title title-font margin-20px-bottom text-uppercase default letter-spacing-0.5\">Kunstgallerien<\/div><\/div><\/div><script type=\"text\/javascript\">\n\t\t(function(jQuery) {jQuery(\"head\").append(\"<style>#counter-69e1b4148767a .ins-counter-number{font-size: 50px; line-height: 55px;}#counter-69e1b4148767a .ins-counter-title{font-size: 26px; line-height: 31px;}#counter-69e1b4148767a .ins-counter-icon{font-size: 46px; line-height: 51px;}#counter-69e1b4148767a .ins-counter-number{color: #ffffff;}#counter-69e1b4148767a .ins-counter-title{color: #ffffff;}#counter-69e1b4148767a .ins-counter-icon{color: #ffffff; }<\/style>\")\n\t\t\t\t\t})(jQuery);\n\t\t\t\t\t\t<\/script>[vc_empty_space height=&#8221;30px&#8221;][\/vc_column_inner][vc_column_inner width=&#8221;1\/5&#8243;]<div id=\"counter-69e1b4148769e\" class=\"ins-counter-element text-left   counter-with-icon default \" data-perc=\"8\"><div class=\"ins-counter-icon margin-15px-bottom\"><i class=\"fa fa-building-o\"><\/i><\/div><div class=\"ins-counter-content\"><div class=\"ins-counter ins-counter-number title-font margin-10px-bottom default\">8<\/div><div class=\"ins-counter-title title-font margin-20px-bottom text-uppercase default letter-spacing-0.5\">Mussen<\/div><\/div><\/div><script type=\"text\/javascript\">\n\t\t(function(jQuery) {jQuery(\"head\").append(\"<style>#counter-69e1b4148769e .ins-counter-number{font-size: 50px; line-height: 55px;}#counter-69e1b4148769e .ins-counter-title{font-size: 26px; line-height: 31px;}#counter-69e1b4148769e .ins-counter-icon{font-size: 46px; line-height: 51px;}#counter-69e1b4148769e .ins-counter-number{color: #ffffff;}#counter-69e1b4148769e .ins-counter-title{color: #ffffff;}#counter-69e1b4148769e .ins-counter-icon{color: #ffffff; }<\/style>\")\n\t\t\t\t\t})(jQuery);\n\t\t\t\t\t\t<\/script>[vc_empty_space height=&#8221;30px&#8221;][\/vc_column_inner][\/vc_row_inner][\/vc_column][\/vc_row][vc_row full_width=&#8221;stretch_row&#8221; css=&#8221;.vc_custom_1539795886827{background-color: #f7f7f7 !important;}&#8221;][vc_column][vc_empty_space height=&#8221;60px&#8221;]<div id=\"ins-heading-69e1b414876bc\" class=\"inv-section-heading-wrapper text-left position-relative  \"><div class=\"inv-section-heading-title padding-15px-bottom\"><h2 style=\"color: #343434\"  class=\"ins-section-heading-title-inner no-margin  default\">Ausl\u00e4nder in Opole<\/h2><\/div><div style=\"background-color: #0076be\" class=\"inv-section-heading-separator\"><!--separator--><\/div><\/div>[vc_empty_space height=&#8221;60px&#8221;][vc_row_inner][vc_column_inner width=&#8221;1\/2&#8243;][vc_single_image image=&#8221;13376&#8243; img_size=&#8221;full&#8221;]<div id=\"ins-heading-69e1b414876ce\" class=\"inv-section-heading-wrapper text-left position-relative  \"><div class=\"inv-section-heading-title padding-15px-bottom\"><h5 style=\"color: #343434\"  class=\"ins-section-heading-title-inner no-margin  default\">Konsulat der Bundesrepublik Deutschland in Oppeln<\/h5><\/div><div style=\"background-color: #0076be\" class=\"inv-section-heading-separator\"><!--separator--><\/div><\/div>[vc_empty_space height=&#8221;30px&#8221;][vc_column_text]In Anbetracht der gr\u00f6\u00dften in Polen Anzahl an Personen, die zur deutschen Minderheit geh\u00f6ren, funktioniert in Opole das deutsche Konsulat. Es veranstaltet unter anderem zyklische Treffen f\u00fcr deutsche, in Oppelner Schlesien t\u00e4tige Unternehmen und unterst\u00fctzt die deutschen Unternehmer und B\u00fcrger im allt\u00e4glichen Leben in Opole.<\/p>\n<p><a href=\"https:\/\/www.polen.diplo.de\/Vertretung\/polen\/de\/04-gk-oppeln\/00-gk-oppeln.html\">Weitere Informationen<\/a>[\/vc_column_text][vc_empty_space height=&#8221;60px&#8221;][\/vc_column_inner][vc_column_inner width=&#8221;1\/2&#8243;][vc_single_image image=&#8221;13375&#8243; img_size=&#8221;full&#8221;][vc_empty_space height=&#8221;30px&#8221;][vc_column_text]In Oppeln befindet sich die Sozial-Kulturelle Gesellschaft der Deutschen im Oppelner Schlesien. Ihr Hauptziel ist die Animation und Unterst\u00fctzung des kulturellen Lebens der deutschen Minderheit, Entwicklung des deutschsprachigen Schulwesens in der Region, Verbreitung der Zweisprachigkeit der Region-Bewohner wie auch die Unterst\u00fctzung sozialer Einrichtungen. Laut den Ergebnissen der Volksz\u00e4hlung aus dem Jahr 2011 haben insgesamt 147,8 Tausend Personen die deutsche nationale Zugeh\u00f6rigkeit angegeben.<\/p>\n<p><a href=\"https:\/\/skgd.pl\/\">Sozial-Kulturelle Gesellschaft der Deutschen im Oppelner Schlesien \u00a0<\/a>[\/vc_column_text][vc_empty_space height=&#8221;60px&#8221;][\/vc_column_inner][\/vc_row_inner][vc_row_inner][vc_column_inner width=&#8221;1\/2&#8243;]<div id=\"ins-heading-69e1b414876dc\" class=\"inv-section-heading-wrapper text-left position-relative  \"><div class=\"inv-section-heading-title padding-15px-bottom\"><h5 style=\"color: #343434\"  class=\"ins-section-heading-title-inner no-margin  default\">Internationale Schule<\/h5><\/div><div style=\"background-color: #0076be\" class=\"inv-section-heading-separator\"><!--separator--><\/div><\/div>[vc_empty_space height=&#8221;30px&#8221;][vc_column_text]Opole zieht seit Jahren das amerikanische Kapital an. Ihre Niederlassungen besitzen hier u. a. Polaris, Tower Automotive, Global Stearing Systems oder Animex. In unserer Stadt gibt es eine Schule und einen Kindergarten, deren Lehrprogramme mit amerikanischen Standards zertifiziert werden. Die Einrichtung, die im Rahmen der \u00d6ffentlichen Grundschule Nr. 20 in Opole t\u00e4tig ist, realisiert das amerikanische Lehrprogramm. Beschult werden u.a. die Kinder ausl\u00e4ndischer Mitarbeiter, aber auch polnische Kinder. Unterst\u00fctzung bei der Organisierung der Einrichtung erteilte der Stadt Opole eine Institution aus Minneapolis im Staat Minnesota, wo die Firma Polaris Industries ihren Sitz hat. Sch\u00fcler, die diese Schule besuchen, lernen anhand von amerikanischen Lehrb\u00fcchern und -materialien. Der Unterricht wird von bilingualen Lehrern gef\u00fchrt, ein Teil von ihnen absolvierte Praktika in den USA. Mit den Sch\u00fclern arbeitet auch ein US-amerikanischer Muttersprachler. Das Lehrprogramm wird auf das Niveau des Gymnasiums erweitert. In Opole existierten auch bilinguale Klassen mit Englisch, Deutsch und Spanisch. Nach dem Vorbild der amerikanischen Schule, wird auch ein zertifiziertes Lehrprofil in der deutschen Sprache gegr\u00fcndet.<\/p>\n<p><a href=\"https:\/\/inter.psp20.opole.pl\/en\/about\/\">Public Elementary School nr 20 in Opole >><\/a>[\/vc_column_text][vc_empty_space height=&#8221;60px&#8221;]<div id=\"ins-heading-69e1b414876f5\" class=\"inv-section-heading-wrapper text-left position-relative  \"><div class=\"inv-section-heading-title padding-15px-bottom\"><h5 style=\"color: #343434\"  class=\"ins-section-heading-title-inner no-margin  default\">Konfuzius-Institut<\/h5><\/div><div style=\"background-color: #0076be\" class=\"inv-section-heading-separator\"><!--separator--><\/div><\/div>[vc_empty_space height=&#8221;30px&#8221;][vc_column_text]Das Zentrum f\u00fcr die Kooperation Polen-China \u2013 Konfuzius-Institut [Centrum Wsp\u00f3\u0142pracy Polska-Chiny \u2013 Instytut Konfucjusza] ist eine gemeinn\u00fctzige Institution, deren Mission in der Promotion der chinesischen Sprache und Kultur beruht. Das Institut ist nicht nur zugunsten der Hochschule, sondern der ganzen Gesellschaft der Region t\u00e4tig. Das Institut in Opole ist eine von 200 solcher Einrichtungen weltweit, organisiert in einem internationalen Netz mit seinem Hauptsitz \u2013 Hanban (das B\u00fcro des Internationalen Rats der Chinesischen Sprache) in Peking. Der Vorstand von Hanban setzt sich aus Vertretern von 12 Aussch\u00fcssen und Ministerien der chinesischen Regierung zusammen. Hanban ist eine dem chinesischen Bildungsministerium unterliegende Non-Profit-Organisation, die zum Ziel hat, das chinesische kulturelle Erbe und die Sprache zu verbreiten. Sie entstand als Antwort auf das weltweit steigende Interesse am Erlernen der chinesischen Sprache. Den Sch\u00e4tzungen zufolge, sollen jetzt 25 Millionen Ausl\u00e4nder Chinesisch lernen und diese Anzahl steigt kontinuierlich.<\/p>\n<p><a href=\"https:\/\/www.ik.po.opole.pl\/\">www.ik.po.opole.pl<\/a>[\/vc_column_text][vc_empty_space height=&#8221;60px&#8221;][\/vc_column_inner][vc_column_inner width=&#8221;1\/2&#8243;]<div id=\"ins-heading-69e1b41487700\" class=\"inv-section-heading-wrapper text-left position-relative  \"><div class=\"inv-section-heading-title padding-15px-bottom\"><h5 style=\"color: #343434\"  class=\"ins-section-heading-title-inner no-margin  default\">Amerikanische Bibliothek<\/h5><\/div><div style=\"background-color: #0076be\" class=\"inv-section-heading-separator\"><!--separator--><\/div><\/div>[vc_empty_space height=&#8221;30px&#8221;][vc_column_text]<\/p>\n<section id=\"elm-text-_e44dd937fbaa9b-main\" class=\"elm-main elm-text-main load-finished\">\n<div class=\"elm-wrapper elm-text-wrapper\">\n<div id=\"elm-text-_e44dd937fbaa9b\" class=\"elm-text\">\n<div class=\"entry-content\">\n<p>Dank dem Programm \u201eamerica@your library\u00ae\u201d k\u00f6nnen Sie in unserer Bibliothek eine Sammlung englischsprachiger Materialien finden, die B\u00fccher f\u00fcr Leser im verschiedenen Alter umfasst. Darunter unter anderem Romane, Comics, Fotoalben, Enzyklop\u00e4dien, W\u00f6rterb\u00fccher, Monographien, Besprechungen und Zusammenfassungen in den Bereichen: Geschichte, Kultur, Geografie, Politik, Soziologie und Literatur der Vereinigten Staaten. Eine zus\u00e4tzliche Attraktion bilden auch Brettspiele mit amerikanischem Motiv im Hintergrund wie The Scrambled States of America oder Marvel Comics Monopoly. Im Rahmen der Kooperation haben wir Zugang zu mehreren Dutzenden Online-Datenbanken eLibraryUSA erhalten, die Zeitschriftbeitr\u00e4ge, Digitalb\u00fccher, Enzyklop\u00e4dien f\u00fcr Kinder und Erwachsene, Filme und eine Reihe von Materialien zum Englischlernen (darunter didaktische Unterlagen f\u00fcr Lehrer) enthalten. Die Datenbanken sind f\u00fcr Empf\u00e4nger im unterschiedlichen Alter vorgesehen. Materialien f\u00fcr Kinder enthalten einfache Lektionen und Spiele. Die Datenbanken f\u00fcr Jugendliche pr\u00e4sentierten auf verst\u00e4ndliche Art und Weise das Wissen aus unterschiedlichen Wissensgebieten. Den Studenten und wissenschaftlichen Mitarbeitern erm\u00f6glichen sie den Zugang zu Volltexten und wissenschaftlichen Bearbeitungen.<\/p>\n<\/div>\n<\/div>\n<\/div>\n<\/section>\n<section id=\"elm-text-_e83c0814cc62fd-main\" class=\"elm-main elm-text-main load-finished\">\n<div class=\"elm-wrapper elm-text-wrapper\">\n<div id=\"elm-text-_e83c0814cc62fd\" class=\"elm-text\">\n<div class=\"entry-content\"><\/div>\n<\/div>\n<\/div>\n<\/section>\n<p>[\/vc_column_text][vc_empty_space height=&#8221;60px&#8221;][\/vc_column_inner][\/vc_row_inner][\/vc_column][\/vc_row]<\/p>\n<\/div>","protected":false},"excerpt":{"rendered":"<p>[vc_row full_width=&#8221;stretch_row&#8221;][vc_column][vc_empty_space height=&#8221;120px&#8221;][vc_empty_space height=&#8221;60px&#8221;][vc_row_inner][vc_column_inner][vc_column_text]Opole ist allgemein bekannt als die Hauptstadt Polnischer Lieder. Jedes Jahres finden hier popul\u00e4re Festivals statt \u2013 der ber\u00fchmteste von ihnen \u2013 [&hellip;]<\/p>\n","protected":false},"author":1,"featured_media":0,"parent":0,"menu_order":0,"comment_status":"closed","ping_status":"closed","template":"","meta":{"_acf_changed":false,"footnotes":""},"class_list":["post-12823","page","type-page","status-publish","hentry"],"acf":[],"_links":{"self":[{"href":"https:\/\/investinopole.pl\/de\/wp-json\/wp\/v2\/pages\/12823","targetHints":{"allow":["GET"]}}],"collection":[{"href":"https:\/\/investinopole.pl\/de\/wp-json\/wp\/v2\/pages"}],"about":[{"href":"https:\/\/investinopole.pl\/de\/wp-json\/wp\/v2\/types\/page"}],"author":[{"embeddable":true,"href":"https:\/\/investinopole.pl\/de\/wp-json\/wp\/v2\/users\/1"}],"replies":[{"embeddable":true,"href":"https:\/\/investinopole.pl\/de\/wp-json\/wp\/v2\/comments?post=12823"}],"version-history":[{"count":32,"href":"https:\/\/investinopole.pl\/de\/wp-json\/wp\/v2\/pages\/12823\/revisions"}],"predecessor-version":[{"id":28509,"href":"https:\/\/investinopole.pl\/de\/wp-json\/wp\/v2\/pages\/12823\/revisions\/28509"}],"wp:attachment":[{"href":"https:\/\/investinopole.pl\/de\/wp-json\/wp\/v2\/media?parent=12823"}],"curies":[{"name":"wp","href":"https:\/\/api.w.org\/{rel}","templated":true}]}}